{"id":327714,"date":"2025-06-04T03:10:28","date_gmt":"2025-06-04T01:10:28","guid":{"rendered":"https:\/\/shop.larus.ch\/product\/poteaux\/"},"modified":"2026-04-16T03:20:23","modified_gmt":"2026-04-16T01:20:23","slug":"poteaux-2","status":"publish","type":"product","link":"https:\/\/shop.larus.ch\/fr\/product\/poteaux-2\/","title":{"rendered":"Poteaux"},"content":{"rendered":"<p>Poteaux en m\u00e9l\u00e8ze naturel, rabot\u00e9 lisse, biseaut\u00e9s<\/p>\n","protected":false},"excerpt":{"rendered":"<p>Poteaux en m\u00e9l\u00e8ze naturel, rabot\u00e9 lisse, biseaut\u00e9s<\/p>\n","protected":false},"featured_media":327973,"template":"","meta":[],"product_cat":[59283],"product_tag":[],"_links":{"self":[{"href":"https:\/\/shop.larus.ch\/fr\/wp-json\/wp\/v2\/product\/327714"}],"collection":[{"href":"https:\/\/shop.larus.ch\/fr\/wp-json\/wp\/v2\/product"}],"about":[{"href":"https:\/\/shop.larus.ch\/fr\/wp-json\/wp\/v2\/types\/product"}],"wp:featuredmedia":[{"embeddable":true,"href":"https:\/\/shop.larus.ch\/fr\/wp-json\/wp\/v2\/media\/327973"}],"wp:attachment":[{"href":"https:\/\/shop.larus.ch\/fr\/wp-json\/wp\/v2\/media?parent=327714"}],"wp:term":[{"taxonomy":"product_cat","embeddable":true,"href":"https:\/\/shop.larus.ch\/fr\/wp-json\/wp\/v2\/product_cat?post=327714"},{"taxonomy":"product_tag","embeddable":true,"href":"https:\/\/shop.larus.ch\/fr\/wp-json\/wp\/v2\/product_tag?post=327714"}],"curies":[{"name":"wp","href":"https:\/\/api.w.org\/{rel}","templated":true}]}}