{"id":327708,"date":"2025-06-04T03:10:13","date_gmt":"2025-06-04T01:10:13","guid":{"rendered":"https:\/\/shop.larus.ch\/product\/bois-construction-rabote\/"},"modified":"2026-04-19T03:11:47","modified_gmt":"2026-04-19T01:11:47","slug":"bois-construction-rabote-7","status":"publish","type":"product","link":"https:\/\/shop.larus.ch\/fr\/product\/bois-construction-rabote-7\/","title":{"rendered":"Bois construction rabot\u00e9"},"content":{"rendered":"<p>Bois de construction en pin<br \/>impr\u00e9gn\u00e9 verd\u00e2tre, rabot\u00e9<\/p>\n","protected":false},"excerpt":{"rendered":"<p>Bois de construction en pin<br \/>impr\u00e9gn\u00e9 verd\u00e2tre, rabot\u00e9<\/p>\n","protected":false},"featured_media":327963,"template":"","meta":[],"product_cat":[59323],"product_tag":[],"_links":{"self":[{"href":"https:\/\/shop.larus.ch\/fr\/wp-json\/wp\/v2\/product\/327708"}],"collection":[{"href":"https:\/\/shop.larus.ch\/fr\/wp-json\/wp\/v2\/product"}],"about":[{"href":"https:\/\/shop.larus.ch\/fr\/wp-json\/wp\/v2\/types\/product"}],"wp:featuredmedia":[{"embeddable":true,"href":"https:\/\/shop.larus.ch\/fr\/wp-json\/wp\/v2\/media\/327963"}],"wp:attachment":[{"href":"https:\/\/shop.larus.ch\/fr\/wp-json\/wp\/v2\/media?parent=327708"}],"wp:term":[{"taxonomy":"product_cat","embeddable":true,"href":"https:\/\/shop.larus.ch\/fr\/wp-json\/wp\/v2\/product_cat?post=327708"},{"taxonomy":"product_tag","embeddable":true,"href":"https:\/\/shop.larus.ch\/fr\/wp-json\/wp\/v2\/product_tag?post=327708"}],"curies":[{"name":"wp","href":"https:\/\/api.w.org\/{rel}","templated":true}]}}