{"id":327704,"date":"2025-06-04T03:06:45","date_gmt":"2025-06-04T01:06:45","guid":{"rendered":"https:\/\/shop.larus.ch\/product\/mini-cloture-en-lattes\/"},"modified":"2026-04-19T03:11:07","modified_gmt":"2026-04-19T01:11:07","slug":"mini-cloture-en-lattes","status":"publish","type":"product","link":"https:\/\/shop.larus.ch\/fr\/product\/mini-cloture-en-lattes\/","title":{"rendered":"Mini-cl\u00f4ture en lattes"},"content":{"rendered":"<p>Mini-cl\u00f4ture en lattes impr\u00e9gn\u00e9 verd\u00e2tre<br \/>Lattes 6.0\/1.4 cm, traverses 3.0\/1.5 cm<\/p>\n","protected":false},"excerpt":{"rendered":"<p>Mini-cl\u00f4ture en lattes impr\u00e9gn\u00e9 verd\u00e2tre<br \/>Lattes 6.0\/1.4 cm, traverses 3.0\/1.5 cm<\/p>\n","protected":false},"featured_media":327955,"template":"","meta":[],"product_cat":[59371],"product_tag":[],"_links":{"self":[{"href":"https:\/\/shop.larus.ch\/fr\/wp-json\/wp\/v2\/product\/327704"}],"collection":[{"href":"https:\/\/shop.larus.ch\/fr\/wp-json\/wp\/v2\/product"}],"about":[{"href":"https:\/\/shop.larus.ch\/fr\/wp-json\/wp\/v2\/types\/product"}],"wp:featuredmedia":[{"embeddable":true,"href":"https:\/\/shop.larus.ch\/fr\/wp-json\/wp\/v2\/media\/327955"}],"wp:attachment":[{"href":"https:\/\/shop.larus.ch\/fr\/wp-json\/wp\/v2\/media?parent=327704"}],"wp:term":[{"taxonomy":"product_cat","embeddable":true,"href":"https:\/\/shop.larus.ch\/fr\/wp-json\/wp\/v2\/product_cat?post=327704"},{"taxonomy":"product_tag","embeddable":true,"href":"https:\/\/shop.larus.ch\/fr\/wp-json\/wp\/v2\/product_tag?post=327704"}],"curies":[{"name":"wp","href":"https:\/\/api.w.org\/{rel}","templated":true}]}}