{"id":327690,"date":"2025-06-04T03:05:38","date_gmt":"2025-06-04T01:05:38","guid":{"rendered":"https:\/\/shop.larus.ch\/product\/mini-cloture-en-lattes-meleze-naturel\/"},"modified":"2026-04-19T03:06:35","modified_gmt":"2026-04-19T01:06:35","slug":"mini-cloture-en-lattes-meleze-naturel","status":"publish","type":"product","link":"https:\/\/shop.larus.ch\/fr\/product\/mini-cloture-en-lattes-meleze-naturel\/","title":{"rendered":"Mini-cl\u00f4ture en lattes m\u00e9l\u00e8ze naturel"},"content":{"rendered":"<p>Mini-cl\u00f4ture en lattes m\u00e9l\u00e8ze naturel<br \/>Lattes 6.0\/1.4 cm, traverses 3.0\/1.5 cm<\/p>\n","protected":false},"excerpt":{"rendered":"<p>Mini-cl\u00f4ture en lattes m\u00e9l\u00e8ze naturel<br \/>Lattes 6.0\/1.4 cm, traverses 3.0\/1.5 cm<\/p>\n","protected":false},"featured_media":327929,"template":"","meta":[],"product_cat":[59371],"product_tag":[],"_links":{"self":[{"href":"https:\/\/shop.larus.ch\/fr\/wp-json\/wp\/v2\/product\/327690"}],"collection":[{"href":"https:\/\/shop.larus.ch\/fr\/wp-json\/wp\/v2\/product"}],"about":[{"href":"https:\/\/shop.larus.ch\/fr\/wp-json\/wp\/v2\/types\/product"}],"wp:featuredmedia":[{"embeddable":true,"href":"https:\/\/shop.larus.ch\/fr\/wp-json\/wp\/v2\/media\/327929"}],"wp:attachment":[{"href":"https:\/\/shop.larus.ch\/fr\/wp-json\/wp\/v2\/media?parent=327690"}],"wp:term":[{"taxonomy":"product_cat","embeddable":true,"href":"https:\/\/shop.larus.ch\/fr\/wp-json\/wp\/v2\/product_cat?post=327690"},{"taxonomy":"product_tag","embeddable":true,"href":"https:\/\/shop.larus.ch\/fr\/wp-json\/wp\/v2\/product_tag?post=327690"}],"curies":[{"name":"wp","href":"https:\/\/api.w.org\/{rel}","templated":true}]}}