{"id":327686,"date":"2025-06-04T03:05:09","date_gmt":"2025-06-04T01:05:09","guid":{"rendered":"https:\/\/shop.larus.ch\/product\/bac-a-sable-felix-sans-couvercle\/"},"modified":"2026-04-21T03:05:53","modified_gmt":"2026-04-21T01:05:53","slug":"bac-a-sable-felix-sans-couvercle","status":"publish","type":"product","link":"https:\/\/shop.larus.ch\/fr\/product\/bac-a-sable-felix-sans-couvercle\/","title":{"rendered":"Bac \u00e0 sable Felix sans couvercle"},"content":{"rendered":"<p>Bac \u00e0 sable Felix sans couvercle<br \/>livr\u00e9 dans un rouleau pour le montage automatique, sans planches de fond<br \/>impr\u00e9gn\u00e9 verd\u00e2tre<\/p>\n","protected":false},"excerpt":{"rendered":"<p>Bac \u00e0 sable Felix sans couvercle<br \/>livr\u00e9 dans un rouleau pour le montage automatique, sans planches de fond<br \/>impr\u00e9gn\u00e9 verd\u00e2tre<\/p>\n","protected":false},"featured_media":327925,"template":"","meta":[],"product_cat":[59399],"product_tag":[],"_links":{"self":[{"href":"https:\/\/shop.larus.ch\/fr\/wp-json\/wp\/v2\/product\/327686"}],"collection":[{"href":"https:\/\/shop.larus.ch\/fr\/wp-json\/wp\/v2\/product"}],"about":[{"href":"https:\/\/shop.larus.ch\/fr\/wp-json\/wp\/v2\/types\/product"}],"wp:featuredmedia":[{"embeddable":true,"href":"https:\/\/shop.larus.ch\/fr\/wp-json\/wp\/v2\/media\/327925"}],"wp:attachment":[{"href":"https:\/\/shop.larus.ch\/fr\/wp-json\/wp\/v2\/media?parent=327686"}],"wp:term":[{"taxonomy":"product_cat","embeddable":true,"href":"https:\/\/shop.larus.ch\/fr\/wp-json\/wp\/v2\/product_cat?post=327686"},{"taxonomy":"product_tag","embeddable":true,"href":"https:\/\/shop.larus.ch\/fr\/wp-json\/wp\/v2\/product_tag?post=327686"}],"curies":[{"name":"wp","href":"https:\/\/api.w.org\/{rel}","templated":true}]}}