{"id":327684,"date":"2025-06-04T03:05:08","date_gmt":"2025-06-04T01:05:08","guid":{"rendered":"https:\/\/shop.larus.ch\/product\/mini-palissades\/"},"modified":"2026-04-19T03:05:51","modified_gmt":"2026-04-19T01:05:51","slug":"mini-palissades-2","status":"publish","type":"product","link":"https:\/\/shop.larus.ch\/fr\/product\/mini-palissades-2\/","title":{"rendered":"Mini palissades"},"content":{"rendered":"<p>Mini palissades<br \/>impr\u00e9gn\u00e9 verd\u00e2tre, appoint\u00e9es<\/p>\n","protected":false},"excerpt":{"rendered":"<p>Mini palissades<br \/>impr\u00e9gn\u00e9 verd\u00e2tre, appoint\u00e9es<\/p>\n","protected":false},"featured_media":327862,"template":"","meta":[],"product_cat":[59363],"product_tag":[],"_links":{"self":[{"href":"https:\/\/shop.larus.ch\/fr\/wp-json\/wp\/v2\/product\/327684"}],"collection":[{"href":"https:\/\/shop.larus.ch\/fr\/wp-json\/wp\/v2\/product"}],"about":[{"href":"https:\/\/shop.larus.ch\/fr\/wp-json\/wp\/v2\/types\/product"}],"wp:featuredmedia":[{"embeddable":true,"href":"https:\/\/shop.larus.ch\/fr\/wp-json\/wp\/v2\/media\/327862"}],"wp:attachment":[{"href":"https:\/\/shop.larus.ch\/fr\/wp-json\/wp\/v2\/media?parent=327684"}],"wp:term":[{"taxonomy":"product_cat","embeddable":true,"href":"https:\/\/shop.larus.ch\/fr\/wp-json\/wp\/v2\/product_cat?post=327684"},{"taxonomy":"product_tag","embeddable":true,"href":"https:\/\/shop.larus.ch\/fr\/wp-json\/wp\/v2\/product_tag?post=327684"}],"curies":[{"name":"wp","href":"https:\/\/api.w.org\/{rel}","templated":true}]}}