{"id":327680,"date":"2025-06-04T03:05:07","date_gmt":"2025-06-04T01:05:07","guid":{"rendered":"https:\/\/shop.larus.ch\/product\/poteaux-carres\/"},"modified":"2026-04-19T03:05:50","modified_gmt":"2026-04-19T01:05:50","slug":"poteaux-carres-4","status":"publish","type":"product","link":"https:\/\/shop.larus.ch\/fr\/product\/poteaux-carres-4\/","title":{"rendered":"Poteaux carr\u00e9s"},"content":{"rendered":"<p>Poteaux carr\u00e9s avec t\u00eate 30\u00b0 chanfrein\u00e9 pour panneau Variant, m\u00e9l\u00e8ze gris trait\u00e9, <\/p>\n","protected":false},"excerpt":{"rendered":"<p>Poteaux carr\u00e9s avec t\u00eate 30\u00b0 chanfrein\u00e9 pour panneau Variant, m\u00e9l\u00e8ze gris trait\u00e9, <\/p>\n","protected":false},"featured_media":0,"template":"","meta":[],"product_cat":[59869],"product_tag":[],"_links":{"self":[{"href":"https:\/\/shop.larus.ch\/fr\/wp-json\/wp\/v2\/product\/327680"}],"collection":[{"href":"https:\/\/shop.larus.ch\/fr\/wp-json\/wp\/v2\/product"}],"about":[{"href":"https:\/\/shop.larus.ch\/fr\/wp-json\/wp\/v2\/types\/product"}],"wp:attachment":[{"href":"https:\/\/shop.larus.ch\/fr\/wp-json\/wp\/v2\/media?parent=327680"}],"wp:term":[{"taxonomy":"product_cat","embeddable":true,"href":"https:\/\/shop.larus.ch\/fr\/wp-json\/wp\/v2\/product_cat?post=327680"},{"taxonomy":"product_tag","embeddable":true,"href":"https:\/\/shop.larus.ch\/fr\/wp-json\/wp\/v2\/product_tag?post=327680"}],"curies":[{"name":"wp","href":"https:\/\/api.w.org\/{rel}","templated":true}]}}