{"id":327676,"date":"2025-06-04T03:02:02","date_gmt":"2025-06-04T01:02:02","guid":{"rendered":"https:\/\/shop.larus.ch\/product\/montant-avec-tete-ronde\/"},"modified":"2026-04-21T03:05:41","modified_gmt":"2026-04-21T01:05:41","slug":"montant-avec-tete-ronde","status":"publish","type":"product","link":"https:\/\/shop.larus.ch\/fr\/product\/montant-avec-tete-ronde\/","title":{"rendered":"Montant avec t\u00eate ronde"},"content":{"rendered":"<p>Montant avec t\u00eate ronde <br \/>impr\u00e9gn\u00e9 verd\u00e2tre,<br \/>rabot\u00e9 lisse<\/p>\n","protected":false},"excerpt":{"rendered":"<p>Montant avec t\u00eate ronde <br \/>impr\u00e9gn\u00e9 verd\u00e2tre,<br \/>rabot\u00e9 lisse<\/p>\n","protected":false},"featured_media":327919,"template":"","meta":[],"product_cat":[59277],"product_tag":[],"_links":{"self":[{"href":"https:\/\/shop.larus.ch\/fr\/wp-json\/wp\/v2\/product\/327676"}],"collection":[{"href":"https:\/\/shop.larus.ch\/fr\/wp-json\/wp\/v2\/product"}],"about":[{"href":"https:\/\/shop.larus.ch\/fr\/wp-json\/wp\/v2\/types\/product"}],"wp:featuredmedia":[{"embeddable":true,"href":"https:\/\/shop.larus.ch\/fr\/wp-json\/wp\/v2\/media\/327919"}],"wp:attachment":[{"href":"https:\/\/shop.larus.ch\/fr\/wp-json\/wp\/v2\/media?parent=327676"}],"wp:term":[{"taxonomy":"product_cat","embeddable":true,"href":"https:\/\/shop.larus.ch\/fr\/wp-json\/wp\/v2\/product_cat?post=327676"},{"taxonomy":"product_tag","embeddable":true,"href":"https:\/\/shop.larus.ch\/fr\/wp-json\/wp\/v2\/product_tag?post=327676"}],"curies":[{"name":"wp","href":"https:\/\/api.w.org\/{rel}","templated":true}]}}