{"id":327672,"date":"2025-06-04T03:01:20","date_gmt":"2025-06-04T01:01:20","guid":{"rendered":"https:\/\/shop.larus.ch\/product\/poteau-tete-ronde\/"},"modified":"2026-04-16T03:06:48","modified_gmt":"2026-04-16T01:06:48","slug":"poteau-tete-ronde-7","status":"publish","type":"product","link":"https:\/\/shop.larus.ch\/fr\/product\/poteau-tete-ronde-7\/","title":{"rendered":"Poteau t\u00eate ronde"},"content":{"rendered":"<p>Poteaux en m\u00e9l\u00e8ze naturel<br \/>avec t\u00eate ronde<br \/>rabot\u00e9 lisse<\/p>\n","protected":false},"excerpt":{"rendered":"<p>Poteaux en m\u00e9l\u00e8ze naturel<br \/>avec t\u00eate ronde<br \/>rabot\u00e9 lisse<\/p>\n","protected":false},"featured_media":327907,"template":"","meta":[],"product_cat":[59283],"product_tag":[],"_links":{"self":[{"href":"https:\/\/shop.larus.ch\/fr\/wp-json\/wp\/v2\/product\/327672"}],"collection":[{"href":"https:\/\/shop.larus.ch\/fr\/wp-json\/wp\/v2\/product"}],"about":[{"href":"https:\/\/shop.larus.ch\/fr\/wp-json\/wp\/v2\/types\/product"}],"wp:featuredmedia":[{"embeddable":true,"href":"https:\/\/shop.larus.ch\/fr\/wp-json\/wp\/v2\/media\/327907"}],"wp:attachment":[{"href":"https:\/\/shop.larus.ch\/fr\/wp-json\/wp\/v2\/media?parent=327672"}],"wp:term":[{"taxonomy":"product_cat","embeddable":true,"href":"https:\/\/shop.larus.ch\/fr\/wp-json\/wp\/v2\/product_cat?post=327672"},{"taxonomy":"product_tag","embeddable":true,"href":"https:\/\/shop.larus.ch\/fr\/wp-json\/wp\/v2\/product_tag?post=327672"}],"curies":[{"name":"wp","href":"https:\/\/api.w.org\/{rel}","templated":true}]}}