{"id":327668,"date":"2025-06-04T03:01:07","date_gmt":"2025-06-04T01:01:07","guid":{"rendered":"https:\/\/shop.larus.ch\/product\/bordure-demi-ronde\/"},"modified":"2026-04-19T03:01:29","modified_gmt":"2026-04-19T01:01:29","slug":"bordure-demi-ronde","status":"publish","type":"product","link":"https:\/\/shop.larus.ch\/fr\/product\/bordure-demi-ronde\/","title":{"rendered":"Bordure demi-ronde"},"content":{"rendered":"<p>Bordure demi-ronde ha 20 cm, impr\u00e9gn\u00e9 verd\u00e2tre, palissades chanfrein\u00e9es en haut<br \/>reli\u00e9s par deux fils et des agrafes<\/p>\n","protected":false},"excerpt":{"rendered":"<p>Bordure demi-ronde ha 20 cm, impr\u00e9gn\u00e9 verd\u00e2tre, palissades chanfrein\u00e9es en haut<br \/>reli\u00e9s par deux fils et des agrafes<\/p>\n","protected":false},"featured_media":327901,"template":"","meta":[],"product_cat":[59361],"product_tag":[],"_links":{"self":[{"href":"https:\/\/shop.larus.ch\/fr\/wp-json\/wp\/v2\/product\/327668"}],"collection":[{"href":"https:\/\/shop.larus.ch\/fr\/wp-json\/wp\/v2\/product"}],"about":[{"href":"https:\/\/shop.larus.ch\/fr\/wp-json\/wp\/v2\/types\/product"}],"wp:featuredmedia":[{"embeddable":true,"href":"https:\/\/shop.larus.ch\/fr\/wp-json\/wp\/v2\/media\/327901"}],"wp:attachment":[{"href":"https:\/\/shop.larus.ch\/fr\/wp-json\/wp\/v2\/media?parent=327668"}],"wp:term":[{"taxonomy":"product_cat","embeddable":true,"href":"https:\/\/shop.larus.ch\/fr\/wp-json\/wp\/v2\/product_cat?post=327668"},{"taxonomy":"product_tag","embeddable":true,"href":"https:\/\/shop.larus.ch\/fr\/wp-json\/wp\/v2\/product_tag?post=327668"}],"curies":[{"name":"wp","href":"https:\/\/api.w.org\/{rel}","templated":true}]}}