{"id":327666,"date":"2025-06-04T03:01:05","date_gmt":"2025-06-04T01:01:05","guid":{"rendered":"https:\/\/shop.larus.ch\/product\/bois-construction-rabote\/"},"modified":"2026-04-16T03:06:29","modified_gmt":"2026-04-16T01:06:29","slug":"bois-construction-rabote-3","status":"publish","type":"product","link":"https:\/\/shop.larus.ch\/fr\/product\/bois-construction-rabote-3\/","title":{"rendered":"Bois construction rabot\u00e9"},"content":{"rendered":"<p>Bois de construction en pin<br \/>impr\u00e9gn\u00e9 verd\u00e2tre, rabot\u00e9<\/p>\n","protected":false},"excerpt":{"rendered":"<p>Bois de construction en pin<br \/>impr\u00e9gn\u00e9 verd\u00e2tre, rabot\u00e9<\/p>\n","protected":false},"featured_media":327899,"template":"","meta":[],"product_cat":[59323],"product_tag":[],"_links":{"self":[{"href":"https:\/\/shop.larus.ch\/fr\/wp-json\/wp\/v2\/product\/327666"}],"collection":[{"href":"https:\/\/shop.larus.ch\/fr\/wp-json\/wp\/v2\/product"}],"about":[{"href":"https:\/\/shop.larus.ch\/fr\/wp-json\/wp\/v2\/types\/product"}],"wp:featuredmedia":[{"embeddable":true,"href":"https:\/\/shop.larus.ch\/fr\/wp-json\/wp\/v2\/media\/327899"}],"wp:attachment":[{"href":"https:\/\/shop.larus.ch\/fr\/wp-json\/wp\/v2\/media?parent=327666"}],"wp:term":[{"taxonomy":"product_cat","embeddable":true,"href":"https:\/\/shop.larus.ch\/fr\/wp-json\/wp\/v2\/product_cat?post=327666"},{"taxonomy":"product_tag","embeddable":true,"href":"https:\/\/shop.larus.ch\/fr\/wp-json\/wp\/v2\/product_tag?post=327666"}],"curies":[{"name":"wp","href":"https:\/\/api.w.org\/{rel}","templated":true}]}}