{"id":327662,"date":"2025-06-04T03:00:52","date_gmt":"2025-06-04T01:00:52","guid":{"rendered":"https:\/\/shop.larus.ch\/product\/bordures-fixes\/"},"modified":"2026-04-19T03:01:11","modified_gmt":"2026-04-19T01:01:11","slug":"bordures-fixes","status":"publish","type":"product","link":"https:\/\/shop.larus.ch\/fr\/product\/bordures-fixes\/","title":{"rendered":"Bordures fixes"},"content":{"rendered":"<p>Bordures fixes <br \/>impr\u00e9gn\u00e9 verd\u00e2tre, frais\u00e9 cylindrique, extr\u00e9mit\u00e9 sup\u00e9rieure chanfrein\u00e9e, d\u00e9but\/fin en bois demi-ronds 60 cm de long, clou\u00e9 sur deux traverses de 3.0\/1.5 cm<\/p>\n","protected":false},"excerpt":{"rendered":"<p>Bordures fixes <br \/>impr\u00e9gn\u00e9 verd\u00e2tre, frais\u00e9 cylindrique, extr\u00e9mit\u00e9 sup\u00e9rieure chanfrein\u00e9e, d\u00e9but\/fin en bois demi-ronds 60 cm de long, clou\u00e9 sur deux traverses de 3.0\/1.5 cm<\/p>\n","protected":false},"featured_media":327895,"template":"","meta":[],"product_cat":[59361],"product_tag":[],"_links":{"self":[{"href":"https:\/\/shop.larus.ch\/fr\/wp-json\/wp\/v2\/product\/327662"}],"collection":[{"href":"https:\/\/shop.larus.ch\/fr\/wp-json\/wp\/v2\/product"}],"about":[{"href":"https:\/\/shop.larus.ch\/fr\/wp-json\/wp\/v2\/types\/product"}],"wp:featuredmedia":[{"embeddable":true,"href":"https:\/\/shop.larus.ch\/fr\/wp-json\/wp\/v2\/media\/327895"}],"wp:attachment":[{"href":"https:\/\/shop.larus.ch\/fr\/wp-json\/wp\/v2\/media?parent=327662"}],"wp:term":[{"taxonomy":"product_cat","embeddable":true,"href":"https:\/\/shop.larus.ch\/fr\/wp-json\/wp\/v2\/product_cat?post=327662"},{"taxonomy":"product_tag","embeddable":true,"href":"https:\/\/shop.larus.ch\/fr\/wp-json\/wp\/v2\/product_tag?post=327662"}],"curies":[{"name":"wp","href":"https:\/\/api.w.org\/{rel}","templated":true}]}}