{"id":327656,"date":"2025-06-04T03:00:29","date_gmt":"2025-06-04T01:00:29","guid":{"rendered":"https:\/\/shop.larus.ch\/product\/balancoire-ben\/"},"modified":"2026-04-19T03:00:40","modified_gmt":"2026-04-19T01:00:40","slug":"balancoire-ben","status":"publish","type":"product","link":"https:\/\/shop.larus.ch\/fr\/product\/balancoire-ben\/","title":{"rendered":"Balan\u00e7oire Ben"},"content":{"rendered":"<p>Balan\u00e7oire Ben, m\u00e9l\u00e8ze natur, kit de montagne complet, contient des vis, 2 si\u00e8ges et des raccords \/ poteaux carr\u00e9s 9x9cm <\/p>\n","protected":false},"excerpt":{"rendered":"<p>Balan\u00e7oire Ben, m\u00e9l\u00e8ze natur, kit de montagne complet, contient des vis, 2 si\u00e8ges et des raccords \/ poteaux carr\u00e9s 9x9cm <\/p>\n","protected":false},"featured_media":327889,"template":"","meta":[],"product_cat":[59377],"product_tag":[],"_links":{"self":[{"href":"https:\/\/shop.larus.ch\/fr\/wp-json\/wp\/v2\/product\/327656"}],"collection":[{"href":"https:\/\/shop.larus.ch\/fr\/wp-json\/wp\/v2\/product"}],"about":[{"href":"https:\/\/shop.larus.ch\/fr\/wp-json\/wp\/v2\/types\/product"}],"wp:featuredmedia":[{"embeddable":true,"href":"https:\/\/shop.larus.ch\/fr\/wp-json\/wp\/v2\/media\/327889"}],"wp:attachment":[{"href":"https:\/\/shop.larus.ch\/fr\/wp-json\/wp\/v2\/media?parent=327656"}],"wp:term":[{"taxonomy":"product_cat","embeddable":true,"href":"https:\/\/shop.larus.ch\/fr\/wp-json\/wp\/v2\/product_cat?post=327656"},{"taxonomy":"product_tag","embeddable":true,"href":"https:\/\/shop.larus.ch\/fr\/wp-json\/wp\/v2\/product_tag?post=327656"}],"curies":[{"name":"wp","href":"https:\/\/api.w.org\/{rel}","templated":true}]}}