{"id":327654,"date":"2025-06-04T03:00:27","date_gmt":"2025-06-04T01:00:27","guid":{"rendered":"https:\/\/shop.larus.ch\/product\/seuil-scie\/"},"modified":"2026-04-16T03:05:36","modified_gmt":"2026-04-16T01:05:36","slug":"seuil-scie-2","status":"publish","type":"product","link":"https:\/\/shop.larus.ch\/fr\/product\/seuil-scie-2\/","title":{"rendered":"Seuil sci\u00e9"},"content":{"rendered":"<p>Traverses en pin<br \/>impr\u00e9gn\u00e9 verd\u00e2tre<\/p>\n","protected":false},"excerpt":{"rendered":"<p>Traverses en pin<br \/>impr\u00e9gn\u00e9 verd\u00e2tre<\/p>\n","protected":false},"featured_media":327887,"template":"","meta":[],"product_cat":[59329],"product_tag":[],"_links":{"self":[{"href":"https:\/\/shop.larus.ch\/fr\/wp-json\/wp\/v2\/product\/327654"}],"collection":[{"href":"https:\/\/shop.larus.ch\/fr\/wp-json\/wp\/v2\/product"}],"about":[{"href":"https:\/\/shop.larus.ch\/fr\/wp-json\/wp\/v2\/types\/product"}],"wp:featuredmedia":[{"embeddable":true,"href":"https:\/\/shop.larus.ch\/fr\/wp-json\/wp\/v2\/media\/327887"}],"wp:attachment":[{"href":"https:\/\/shop.larus.ch\/fr\/wp-json\/wp\/v2\/media?parent=327654"}],"wp:term":[{"taxonomy":"product_cat","embeddable":true,"href":"https:\/\/shop.larus.ch\/fr\/wp-json\/wp\/v2\/product_cat?post=327654"},{"taxonomy":"product_tag","embeddable":true,"href":"https:\/\/shop.larus.ch\/fr\/wp-json\/wp\/v2\/product_tag?post=327654"}],"curies":[{"name":"wp","href":"https:\/\/api.w.org\/{rel}","templated":true}]}}