{"id":327652,"date":"2025-06-04T03:00:21","date_gmt":"2025-06-04T01:00:21","guid":{"rendered":"https:\/\/shop.larus.ch\/product\/poteau-tete-ronde\/"},"modified":"2026-04-21T03:00:28","modified_gmt":"2026-04-21T01:00:28","slug":"poteau-tete-ronde-6","status":"publish","type":"product","link":"https:\/\/shop.larus.ch\/fr\/product\/poteau-tete-ronde-6\/","title":{"rendered":"Poteau t\u00eate ronde"},"content":{"rendered":"<p>Poteaux en m\u00e9l\u00e8ze naturel<br \/>avec t\u00eate ronde<br \/>rabot\u00e9 lisse<\/p>\n","protected":false},"excerpt":{"rendered":"<p>Poteaux en m\u00e9l\u00e8ze naturel<br \/>avec t\u00eate ronde<br \/>rabot\u00e9 lisse<\/p>\n","protected":false},"featured_media":327885,"template":"","meta":[],"product_cat":[59283],"product_tag":[],"_links":{"self":[{"href":"https:\/\/shop.larus.ch\/fr\/wp-json\/wp\/v2\/product\/327652"}],"collection":[{"href":"https:\/\/shop.larus.ch\/fr\/wp-json\/wp\/v2\/product"}],"about":[{"href":"https:\/\/shop.larus.ch\/fr\/wp-json\/wp\/v2\/types\/product"}],"wp:featuredmedia":[{"embeddable":true,"href":"https:\/\/shop.larus.ch\/fr\/wp-json\/wp\/v2\/media\/327885"}],"wp:attachment":[{"href":"https:\/\/shop.larus.ch\/fr\/wp-json\/wp\/v2\/media?parent=327652"}],"wp:term":[{"taxonomy":"product_cat","embeddable":true,"href":"https:\/\/shop.larus.ch\/fr\/wp-json\/wp\/v2\/product_cat?post=327652"},{"taxonomy":"product_tag","embeddable":true,"href":"https:\/\/shop.larus.ch\/fr\/wp-json\/wp\/v2\/product_tag?post=327652"}],"curies":[{"name":"wp","href":"https:\/\/api.w.org\/{rel}","templated":true}]}}