{"id":327650,"date":"2025-06-04T03:00:07","date_gmt":"2025-06-04T01:00:07","guid":{"rendered":"https:\/\/shop.larus.ch\/product\/montant-tete-ronde\/"},"modified":"2026-04-19T03:00:08","modified_gmt":"2026-04-19T01:00:08","slug":"montant-tete-ronde-3","status":"publish","type":"product","link":"https:\/\/shop.larus.ch\/fr\/product\/montant-tete-ronde-3\/","title":{"rendered":"Montant t\u00eate ronde"},"content":{"rendered":"<p>Montant avec t\u00eate ronde<br \/>impr\u00e9gn\u00e9 verd\u00e2tre,<br \/>rabot\u00e9 lisse<\/p>\n","protected":false},"excerpt":{"rendered":"<p>Montant avec t\u00eate ronde<br \/>impr\u00e9gn\u00e9 verd\u00e2tre,<br \/>rabot\u00e9 lisse<\/p>\n","protected":false},"featured_media":327879,"template":"","meta":[],"product_cat":[59277],"product_tag":[],"_links":{"self":[{"href":"https:\/\/shop.larus.ch\/fr\/wp-json\/wp\/v2\/product\/327650"}],"collection":[{"href":"https:\/\/shop.larus.ch\/fr\/wp-json\/wp\/v2\/product"}],"about":[{"href":"https:\/\/shop.larus.ch\/fr\/wp-json\/wp\/v2\/types\/product"}],"wp:featuredmedia":[{"embeddable":true,"href":"https:\/\/shop.larus.ch\/fr\/wp-json\/wp\/v2\/media\/327879"}],"wp:attachment":[{"href":"https:\/\/shop.larus.ch\/fr\/wp-json\/wp\/v2\/media?parent=327650"}],"wp:term":[{"taxonomy":"product_cat","embeddable":true,"href":"https:\/\/shop.larus.ch\/fr\/wp-json\/wp\/v2\/product_cat?post=327650"},{"taxonomy":"product_tag","embeddable":true,"href":"https:\/\/shop.larus.ch\/fr\/wp-json\/wp\/v2\/product_tag?post=327650"}],"curies":[{"name":"wp","href":"https:\/\/api.w.org\/{rel}","templated":true}]}}