{"id":327474,"date":"2025-05-29T03:21:40","date_gmt":"2025-05-29T01:21:40","guid":{"rendered":"https:\/\/shop.larus.ch\/product\/panneau-a-lamelles-mallorca\/"},"modified":"2026-04-19T03:16:28","modified_gmt":"2026-04-19T01:16:28","slug":"panneau-a-lamelles-mallorca","status":"publish","type":"product","link":"https:\/\/shop.larus.ch\/fr\/product\/panneau-a-lamelles-mallorca\/","title":{"rendered":"Panneau \u00e0 lamelles Mallorca"},"content":{"rendered":"<p>Panneau \u00e0 lamelles Mallorca<br \/>impr\u00e9gn\u00e9 verd\u00e2tre<br \/>cadre 34 x 54 mm<\/p>\n","protected":false},"excerpt":{"rendered":"<p>Panneau \u00e0 lamelles Mallorca<br \/>impr\u00e9gn\u00e9 verd\u00e2tre<br \/>cadre 34 x 54 mm<\/p>\n","protected":false},"featured_media":327602,"template":"","meta":[],"product_cat":[59051],"product_tag":[],"_links":{"self":[{"href":"https:\/\/shop.larus.ch\/fr\/wp-json\/wp\/v2\/product\/327474"}],"collection":[{"href":"https:\/\/shop.larus.ch\/fr\/wp-json\/wp\/v2\/product"}],"about":[{"href":"https:\/\/shop.larus.ch\/fr\/wp-json\/wp\/v2\/types\/product"}],"wp:featuredmedia":[{"embeddable":true,"href":"https:\/\/shop.larus.ch\/fr\/wp-json\/wp\/v2\/media\/327602"}],"wp:attachment":[{"href":"https:\/\/shop.larus.ch\/fr\/wp-json\/wp\/v2\/media?parent=327474"}],"wp:term":[{"taxonomy":"product_cat","embeddable":true,"href":"https:\/\/shop.larus.ch\/fr\/wp-json\/wp\/v2\/product_cat?post=327474"},{"taxonomy":"product_tag","embeddable":true,"href":"https:\/\/shop.larus.ch\/fr\/wp-json\/wp\/v2\/product_tag?post=327474"}],"curies":[{"name":"wp","href":"https:\/\/api.w.org\/{rel}","templated":true}]}}