{"id":327466,"date":"2025-05-29T03:20:48","date_gmt":"2025-05-29T01:20:48","guid":{"rendered":"https:\/\/shop.larus.ch\/product\/cloture-a-lattes\/"},"modified":"2026-04-16T03:20:21","modified_gmt":"2026-04-16T01:20:21","slug":"cloture-a-lattes","status":"publish","type":"product","link":"https:\/\/shop.larus.ch\/fr\/product\/cloture-a-lattes\/","title":{"rendered":"Cl\u00f4ture \u00e0 lattes"},"content":{"rendered":"<p>Cl\u00f4ture \u00e0 lattes droite <br \/>impr\u00e9gn\u00e9 brun, lattes 90\/18 mm, traverses 90\/18 mm, rabot\u00e9s lisses<\/p>\n","protected":false},"excerpt":{"rendered":"<p>Cl\u00f4ture \u00e0 lattes droite <br \/>impr\u00e9gn\u00e9 brun, lattes 90\/18 mm, traverses 90\/18 mm, rabot\u00e9s lisses<\/p>\n","protected":false},"featured_media":327586,"template":"","meta":[],"product_cat":[59123],"product_tag":[],"_links":{"self":[{"href":"https:\/\/shop.larus.ch\/fr\/wp-json\/wp\/v2\/product\/327466"}],"collection":[{"href":"https:\/\/shop.larus.ch\/fr\/wp-json\/wp\/v2\/product"}],"about":[{"href":"https:\/\/shop.larus.ch\/fr\/wp-json\/wp\/v2\/types\/product"}],"wp:featuredmedia":[{"embeddable":true,"href":"https:\/\/shop.larus.ch\/fr\/wp-json\/wp\/v2\/media\/327586"}],"wp:attachment":[{"href":"https:\/\/shop.larus.ch\/fr\/wp-json\/wp\/v2\/media?parent=327466"}],"wp:term":[{"taxonomy":"product_cat","embeddable":true,"href":"https:\/\/shop.larus.ch\/fr\/wp-json\/wp\/v2\/product_cat?post=327466"},{"taxonomy":"product_tag","embeddable":true,"href":"https:\/\/shop.larus.ch\/fr\/wp-json\/wp\/v2\/product_tag?post=327466"}],"curies":[{"name":"wp","href":"https:\/\/api.w.org\/{rel}","templated":true}]}}