{"id":327458,"date":"2025-05-29T03:20:05","date_gmt":"2025-05-29T01:20:05","guid":{"rendered":"https:\/\/shop.larus.ch\/product\/treillis-en-forme-rectangulaire\/"},"modified":"2026-04-19T03:11:02","modified_gmt":"2026-04-19T01:11:02","slug":"treillis-en-forme-rectangulaire-2","status":"publish","type":"product","link":"https:\/\/shop.larus.ch\/fr\/product\/treillis-en-forme-rectangulaire-2\/","title":{"rendered":"Treillis en forme rectangulaire"},"content":{"rendered":"<p>Treillis en forme rectangulaire<br \/>lattes 3.0\/1.5 cm, rabot\u00e9es, \u00e9cr\u00eat\u00e9 par derri\u00e8re, distance des lattes 13 cm<\/p>\n","protected":false},"excerpt":{"rendered":"<p>Treillis en forme rectangulaire<br \/>lattes 3.0\/1.5 cm, rabot\u00e9es, \u00e9cr\u00eat\u00e9 par derri\u00e8re, distance des lattes 13 cm<\/p>\n","protected":false},"featured_media":327568,"template":"","meta":[],"product_cat":[58969],"product_tag":[],"_links":{"self":[{"href":"https:\/\/shop.larus.ch\/fr\/wp-json\/wp\/v2\/product\/327458"}],"collection":[{"href":"https:\/\/shop.larus.ch\/fr\/wp-json\/wp\/v2\/product"}],"about":[{"href":"https:\/\/shop.larus.ch\/fr\/wp-json\/wp\/v2\/types\/product"}],"wp:featuredmedia":[{"embeddable":true,"href":"https:\/\/shop.larus.ch\/fr\/wp-json\/wp\/v2\/media\/327568"}],"wp:attachment":[{"href":"https:\/\/shop.larus.ch\/fr\/wp-json\/wp\/v2\/media?parent=327458"}],"wp:term":[{"taxonomy":"product_cat","embeddable":true,"href":"https:\/\/shop.larus.ch\/fr\/wp-json\/wp\/v2\/product_cat?post=327458"},{"taxonomy":"product_tag","embeddable":true,"href":"https:\/\/shop.larus.ch\/fr\/wp-json\/wp\/v2\/product_tag?post=327458"}],"curies":[{"name":"wp","href":"https:\/\/api.w.org\/{rel}","templated":true}]}}