{"id":327452,"date":"2025-05-29T03:16:14","date_gmt":"2025-05-29T01:16:14","guid":{"rendered":"https:\/\/shop.larus.ch\/product\/poteau-tete-ronde\/"},"modified":"2026-04-21T03:06:55","modified_gmt":"2026-04-21T01:06:55","slug":"poteau-tete-ronde-5","status":"publish","type":"product","link":"https:\/\/shop.larus.ch\/fr\/product\/poteau-tete-ronde-5\/","title":{"rendered":"Poteau t\u00eate ronde"},"content":{"rendered":"<p>Poteaux en m\u00e9l\u00e8ze naturel<br \/>avec t\u00eate ronde<br \/>rabot\u00e9 lisse<\/p>\n","protected":false},"excerpt":{"rendered":"<p>Poteaux en m\u00e9l\u00e8ze naturel<br \/>avec t\u00eate ronde<br \/>rabot\u00e9 lisse<\/p>\n","protected":false},"featured_media":327556,"template":"","meta":[],"product_cat":[59283],"product_tag":[],"_links":{"self":[{"href":"https:\/\/shop.larus.ch\/fr\/wp-json\/wp\/v2\/product\/327452"}],"collection":[{"href":"https:\/\/shop.larus.ch\/fr\/wp-json\/wp\/v2\/product"}],"about":[{"href":"https:\/\/shop.larus.ch\/fr\/wp-json\/wp\/v2\/types\/product"}],"wp:featuredmedia":[{"embeddable":true,"href":"https:\/\/shop.larus.ch\/fr\/wp-json\/wp\/v2\/media\/327556"}],"wp:attachment":[{"href":"https:\/\/shop.larus.ch\/fr\/wp-json\/wp\/v2\/media?parent=327452"}],"wp:term":[{"taxonomy":"product_cat","embeddable":true,"href":"https:\/\/shop.larus.ch\/fr\/wp-json\/wp\/v2\/product_cat?post=327452"},{"taxonomy":"product_tag","embeddable":true,"href":"https:\/\/shop.larus.ch\/fr\/wp-json\/wp\/v2\/product_tag?post=327452"}],"curies":[{"name":"wp","href":"https:\/\/api.w.org\/{rel}","templated":true}]}}