{"id":327446,"date":"2025-05-29T03:15:57","date_gmt":"2025-05-29T01:15:57","guid":{"rendered":"https:\/\/shop.larus.ch\/product\/poteaux\/"},"modified":"2026-04-19T03:06:33","modified_gmt":"2026-04-19T01:06:33","slug":"poteaux-11","status":"publish","type":"product","link":"https:\/\/shop.larus.ch\/fr\/product\/poteaux-11\/","title":{"rendered":"Poteaux"},"content":{"rendered":"<p>Poteaux<br \/>impr\u00e9gn\u00e9 verd\u00e2tre<br \/>rabot\u00e9s stri\u00e9s, des deux c\u00f4t\u00e9s \u00e9touff\u00e9s,<\/p>\n","protected":false},"excerpt":{"rendered":"<p>Poteaux<br \/>impr\u00e9gn\u00e9 verd\u00e2tre<br \/>rabot\u00e9s stri\u00e9s, des deux c\u00f4t\u00e9s \u00e9touff\u00e9s,<\/p>\n","protected":false},"featured_media":327548,"template":"","meta":[],"product_cat":[59275],"product_tag":[],"_links":{"self":[{"href":"https:\/\/shop.larus.ch\/fr\/wp-json\/wp\/v2\/product\/327446"}],"collection":[{"href":"https:\/\/shop.larus.ch\/fr\/wp-json\/wp\/v2\/product"}],"about":[{"href":"https:\/\/shop.larus.ch\/fr\/wp-json\/wp\/v2\/types\/product"}],"wp:featuredmedia":[{"embeddable":true,"href":"https:\/\/shop.larus.ch\/fr\/wp-json\/wp\/v2\/media\/327548"}],"wp:attachment":[{"href":"https:\/\/shop.larus.ch\/fr\/wp-json\/wp\/v2\/media?parent=327446"}],"wp:term":[{"taxonomy":"product_cat","embeddable":true,"href":"https:\/\/shop.larus.ch\/fr\/wp-json\/wp\/v2\/product_cat?post=327446"},{"taxonomy":"product_tag","embeddable":true,"href":"https:\/\/shop.larus.ch\/fr\/wp-json\/wp\/v2\/product_tag?post=327446"}],"curies":[{"name":"wp","href":"https:\/\/api.w.org\/{rel}","templated":true}]}}