{"id":327440,"date":"2025-05-29T03:15:46","date_gmt":"2025-05-29T01:15:46","guid":{"rendered":"https:\/\/shop.larus.ch\/product\/panneau-a-lamelles-mallorca\/"},"modified":"2026-04-16T03:11:29","modified_gmt":"2026-04-16T01:11:29","slug":"panneau-a-lamelles-mallorca-7","status":"publish","type":"product","link":"https:\/\/shop.larus.ch\/fr\/product\/panneau-a-lamelles-mallorca-7\/","title":{"rendered":"Panneau \u00e0 lamelles Mallorca"},"content":{"rendered":"<p>Panneau \u00e0 lamelles Mallorca<br \/>impr\u00e9gn\u00e9 verd\u00e2tre<br \/>cadre 34 x 54 mm<\/p>\n","protected":false},"excerpt":{"rendered":"<p>Panneau \u00e0 lamelles Mallorca<br \/>impr\u00e9gn\u00e9 verd\u00e2tre<br \/>cadre 34 x 54 mm<\/p>\n","protected":false},"featured_media":327536,"template":"","meta":[],"product_cat":[59051],"product_tag":[],"_links":{"self":[{"href":"https:\/\/shop.larus.ch\/fr\/wp-json\/wp\/v2\/product\/327440"}],"collection":[{"href":"https:\/\/shop.larus.ch\/fr\/wp-json\/wp\/v2\/product"}],"about":[{"href":"https:\/\/shop.larus.ch\/fr\/wp-json\/wp\/v2\/types\/product"}],"wp:featuredmedia":[{"embeddable":true,"href":"https:\/\/shop.larus.ch\/fr\/wp-json\/wp\/v2\/media\/327536"}],"wp:attachment":[{"href":"https:\/\/shop.larus.ch\/fr\/wp-json\/wp\/v2\/media?parent=327440"}],"wp:term":[{"taxonomy":"product_cat","embeddable":true,"href":"https:\/\/shop.larus.ch\/fr\/wp-json\/wp\/v2\/product_cat?post=327440"},{"taxonomy":"product_tag","embeddable":true,"href":"https:\/\/shop.larus.ch\/fr\/wp-json\/wp\/v2\/product_tag?post=327440"}],"curies":[{"name":"wp","href":"https:\/\/api.w.org\/{rel}","templated":true}]}}