{"id":327406,"date":"2025-05-28T03:11:01","date_gmt":"2025-05-28T01:11:01","guid":{"rendered":"https:\/\/shop.larus.ch\/product\/panneau-pare-vue-paros\/"},"modified":"2026-04-16T03:20:29","modified_gmt":"2026-04-16T01:20:29","slug":"panneau-pare-vue-paros-2","status":"publish","type":"product","link":"https:\/\/shop.larus.ch\/fr\/product\/panneau-pare-vue-paros-2\/","title":{"rendered":"Panneau pare-vue Paros"},"content":{"rendered":"<p>Panneau pare-vue Paros<br \/>\u00e9pic\u00e9a commun impr\u00e9gn\u00e9 verd\u00e2tre<br \/>cadre environnant, lattes horizontales<\/p>\n","protected":false},"excerpt":{"rendered":"<p>Panneau pare-vue Paros<br \/>\u00e9pic\u00e9a commun impr\u00e9gn\u00e9 verd\u00e2tre<br \/>cadre environnant, lattes horizontales<\/p>\n","protected":false},"featured_media":327588,"template":"","meta":[],"product_cat":[63306],"product_tag":[],"_links":{"self":[{"href":"https:\/\/shop.larus.ch\/fr\/wp-json\/wp\/v2\/product\/327406"}],"collection":[{"href":"https:\/\/shop.larus.ch\/fr\/wp-json\/wp\/v2\/product"}],"about":[{"href":"https:\/\/shop.larus.ch\/fr\/wp-json\/wp\/v2\/types\/product"}],"wp:featuredmedia":[{"embeddable":true,"href":"https:\/\/shop.larus.ch\/fr\/wp-json\/wp\/v2\/media\/327588"}],"wp:attachment":[{"href":"https:\/\/shop.larus.ch\/fr\/wp-json\/wp\/v2\/media?parent=327406"}],"wp:term":[{"taxonomy":"product_cat","embeddable":true,"href":"https:\/\/shop.larus.ch\/fr\/wp-json\/wp\/v2\/product_cat?post=327406"},{"taxonomy":"product_tag","embeddable":true,"href":"https:\/\/shop.larus.ch\/fr\/wp-json\/wp\/v2\/product_tag?post=327406"}],"curies":[{"name":"wp","href":"https:\/\/api.w.org\/{rel}","templated":true}]}}