{"id":327404,"date":"2025-05-28T03:10:48","date_gmt":"2025-05-28T01:10:48","guid":{"rendered":"https:\/\/shop.larus.ch\/product\/panneau-pare-vue\/"},"modified":"2026-04-16T03:20:08","modified_gmt":"2026-04-16T01:20:08","slug":"panneau-pare-vue","status":"publish","type":"product","link":"https:\/\/shop.larus.ch\/fr\/product\/panneau-pare-vue\/","title":{"rendered":"Panneau pare-vue"},"content":{"rendered":"<p>Panneaux Rhodos pare-vue<br \/>impr\u00e9gn\u00e9 verd\u00e2tre<\/p>\n","protected":false},"excerpt":{"rendered":"<p>Panneaux Rhodos pare-vue<br \/>impr\u00e9gn\u00e9 verd\u00e2tre<\/p>\n","protected":false},"featured_media":327969,"template":"","meta":[],"product_cat":[59031],"product_tag":[],"_links":{"self":[{"href":"https:\/\/shop.larus.ch\/fr\/wp-json\/wp\/v2\/product\/327404"}],"collection":[{"href":"https:\/\/shop.larus.ch\/fr\/wp-json\/wp\/v2\/product"}],"about":[{"href":"https:\/\/shop.larus.ch\/fr\/wp-json\/wp\/v2\/types\/product"}],"wp:featuredmedia":[{"embeddable":true,"href":"https:\/\/shop.larus.ch\/fr\/wp-json\/wp\/v2\/media\/327969"}],"wp:attachment":[{"href":"https:\/\/shop.larus.ch\/fr\/wp-json\/wp\/v2\/media?parent=327404"}],"wp:term":[{"taxonomy":"product_cat","embeddable":true,"href":"https:\/\/shop.larus.ch\/fr\/wp-json\/wp\/v2\/product_cat?post=327404"},{"taxonomy":"product_tag","embeddable":true,"href":"https:\/\/shop.larus.ch\/fr\/wp-json\/wp\/v2\/product_tag?post=327404"}],"curies":[{"name":"wp","href":"https:\/\/api.w.org\/{rel}","templated":true}]}}