{"id":327400,"date":"2025-05-28T03:10:35","date_gmt":"2025-05-28T01:10:35","guid":{"rendered":"https:\/\/shop.larus.ch\/product\/panneau-a-lamelles-mallorca\/"},"modified":"2026-04-19T03:11:34","modified_gmt":"2026-04-19T01:11:34","slug":"panneau-a-lamelles-mallorca-3","status":"publish","type":"product","link":"https:\/\/shop.larus.ch\/fr\/product\/panneau-a-lamelles-mallorca-3\/","title":{"rendered":"Panneau \u00e0 lamelles Mallorca"},"content":{"rendered":"<p>Panneaux \u00e0 lamelles Mallorca<br \/>impr\u00e9gn\u00e9 verd\u00e2tre, <br \/>cadre environ 21 x 54 mm<\/p>\n","protected":false},"excerpt":{"rendered":"<p>Panneaux \u00e0 lamelles Mallorca<br \/>impr\u00e9gn\u00e9 verd\u00e2tre, <br \/>cadre environ 21 x 54 mm<\/p>\n","protected":false},"featured_media":327580,"template":"","meta":[],"product_cat":[59051],"product_tag":[],"_links":{"self":[{"href":"https:\/\/shop.larus.ch\/fr\/wp-json\/wp\/v2\/product\/327400"}],"collection":[{"href":"https:\/\/shop.larus.ch\/fr\/wp-json\/wp\/v2\/product"}],"about":[{"href":"https:\/\/shop.larus.ch\/fr\/wp-json\/wp\/v2\/types\/product"}],"wp:featuredmedia":[{"embeddable":true,"href":"https:\/\/shop.larus.ch\/fr\/wp-json\/wp\/v2\/media\/327580"}],"wp:attachment":[{"href":"https:\/\/shop.larus.ch\/fr\/wp-json\/wp\/v2\/media?parent=327400"}],"wp:term":[{"taxonomy":"product_cat","embeddable":true,"href":"https:\/\/shop.larus.ch\/fr\/wp-json\/wp\/v2\/product_cat?post=327400"},{"taxonomy":"product_tag","embeddable":true,"href":"https:\/\/shop.larus.ch\/fr\/wp-json\/wp\/v2\/product_tag?post=327400"}],"curies":[{"name":"wp","href":"https:\/\/api.w.org\/{rel}","templated":true}]}}