{"id":327392,"date":"2025-05-28T03:06:40","date_gmt":"2025-05-28T01:06:40","guid":{"rendered":"https:\/\/shop.larus.ch\/product\/panneau-pare-vue\/"},"modified":"2026-04-16T03:15:35","modified_gmt":"2026-04-16T01:15:35","slug":"panneau-pare-vue-7","status":"publish","type":"product","link":"https:\/\/shop.larus.ch\/fr\/product\/panneau-pare-vue-7\/","title":{"rendered":"Panneau pare-vue"},"content":{"rendered":"<p>Panneau pare-vue Rhodos<br \/>impr\u00e9gn\u00e9 verd\u00e2tre<\/p>\n","protected":false},"excerpt":{"rendered":"<p>Panneau pare-vue Rhodos<br \/>impr\u00e9gn\u00e9 verd\u00e2tre<\/p>\n","protected":false},"featured_media":327943,"template":"","meta":[],"product_cat":[59031],"product_tag":[],"_links":{"self":[{"href":"https:\/\/shop.larus.ch\/fr\/wp-json\/wp\/v2\/product\/327392"}],"collection":[{"href":"https:\/\/shop.larus.ch\/fr\/wp-json\/wp\/v2\/product"}],"about":[{"href":"https:\/\/shop.larus.ch\/fr\/wp-json\/wp\/v2\/types\/product"}],"wp:featuredmedia":[{"embeddable":true,"href":"https:\/\/shop.larus.ch\/fr\/wp-json\/wp\/v2\/media\/327943"}],"wp:attachment":[{"href":"https:\/\/shop.larus.ch\/fr\/wp-json\/wp\/v2\/media?parent=327392"}],"wp:term":[{"taxonomy":"product_cat","embeddable":true,"href":"https:\/\/shop.larus.ch\/fr\/wp-json\/wp\/v2\/product_cat?post=327392"},{"taxonomy":"product_tag","embeddable":true,"href":"https:\/\/shop.larus.ch\/fr\/wp-json\/wp\/v2\/product_tag?post=327392"}],"curies":[{"name":"wp","href":"https:\/\/api.w.org\/{rel}","templated":true}]}}