{"id":327386,"date":"2025-05-28T03:06:21","date_gmt":"2025-05-28T01:06:21","guid":{"rendered":"https:\/\/shop.larus.ch\/product\/panneau-pare-vue\/"},"modified":"2026-04-16T03:15:21","modified_gmt":"2026-04-16T01:15:21","slug":"panneau-pare-vue-4","status":"publish","type":"product","link":"https:\/\/shop.larus.ch\/fr\/product\/panneau-pare-vue-4\/","title":{"rendered":"Panneau pare-vue"},"content":{"rendered":"<p>Panneaux pare-vue en forme d\u00b4 arc San Remo<br \/>arc sup\u00e9rieur<br \/>impr\u00e9gn\u00e9 verd\u00e2tre<\/p>\n","protected":false},"excerpt":{"rendered":"<p>Panneaux pare-vue en forme d\u00b4 arc San Remo<br \/>arc sup\u00e9rieur<br \/>impr\u00e9gn\u00e9 verd\u00e2tre<\/p>\n","protected":false},"featured_media":327935,"template":"","meta":[],"product_cat":[59039],"product_tag":[],"_links":{"self":[{"href":"https:\/\/shop.larus.ch\/fr\/wp-json\/wp\/v2\/product\/327386"}],"collection":[{"href":"https:\/\/shop.larus.ch\/fr\/wp-json\/wp\/v2\/product"}],"about":[{"href":"https:\/\/shop.larus.ch\/fr\/wp-json\/wp\/v2\/types\/product"}],"wp:featuredmedia":[{"embeddable":true,"href":"https:\/\/shop.larus.ch\/fr\/wp-json\/wp\/v2\/media\/327935"}],"wp:attachment":[{"href":"https:\/\/shop.larus.ch\/fr\/wp-json\/wp\/v2\/media?parent=327386"}],"wp:term":[{"taxonomy":"product_cat","embeddable":true,"href":"https:\/\/shop.larus.ch\/fr\/wp-json\/wp\/v2\/product_cat?post=327386"},{"taxonomy":"product_tag","embeddable":true,"href":"https:\/\/shop.larus.ch\/fr\/wp-json\/wp\/v2\/product_tag?post=327386"}],"curies":[{"name":"wp","href":"https:\/\/api.w.org\/{rel}","templated":true}]}}