{"id":327384,"date":"2025-05-28T03:06:20","date_gmt":"2025-05-28T01:06:20","guid":{"rendered":"https:\/\/shop.larus.ch\/product\/pare-vue-capri-avec-treillis\/"},"modified":"2026-04-18T03:10:26","modified_gmt":"2026-04-18T01:10:26","slug":"pare-vue-capri-avec-treillis","status":"publish","type":"product","link":"https:\/\/shop.larus.ch\/fr\/product\/pare-vue-capri-avec-treillis\/","title":{"rendered":"Pare-vue Capri avec treillis"},"content":{"rendered":"<p>Pare-vue Capri avec treillis<br \/>impr\u00e9gn\u00e9 verd\u00e2tre<br \/>cadre et montant central env. 44 x 88 mm, rabot\u00e9 lisse, planches 18 x 120 mm avec en forme de chevrons<\/p>\n","protected":false},"excerpt":{"rendered":"<p>Pare-vue Capri avec treillis<br \/>impr\u00e9gn\u00e9 verd\u00e2tre<br \/>cadre et montant central env. 44 x 88 mm, rabot\u00e9 lisse, planches 18 x 120 mm avec en forme de chevrons<\/p>\n","protected":false},"featured_media":327558,"template":"","meta":[],"product_cat":[59013],"product_tag":[],"_links":{"self":[{"href":"https:\/\/shop.larus.ch\/fr\/wp-json\/wp\/v2\/product\/327384"}],"collection":[{"href":"https:\/\/shop.larus.ch\/fr\/wp-json\/wp\/v2\/product"}],"about":[{"href":"https:\/\/shop.larus.ch\/fr\/wp-json\/wp\/v2\/types\/product"}],"wp:featuredmedia":[{"embeddable":true,"href":"https:\/\/shop.larus.ch\/fr\/wp-json\/wp\/v2\/media\/327558"}],"wp:attachment":[{"href":"https:\/\/shop.larus.ch\/fr\/wp-json\/wp\/v2\/media?parent=327384"}],"wp:term":[{"taxonomy":"product_cat","embeddable":true,"href":"https:\/\/shop.larus.ch\/fr\/wp-json\/wp\/v2\/product_cat?post=327384"},{"taxonomy":"product_tag","embeddable":true,"href":"https:\/\/shop.larus.ch\/fr\/wp-json\/wp\/v2\/product_tag?post=327384"}],"curies":[{"name":"wp","href":"https:\/\/api.w.org\/{rel}","templated":true}]}}