{"id":327380,"date":"2025-05-28T03:05:36","date_gmt":"2025-05-28T01:05:36","guid":{"rendered":"https:\/\/shop.larus.ch\/product\/cloture-sonnentau\/"},"modified":"2026-04-19T03:06:29","modified_gmt":"2026-04-19T01:06:29","slug":"cloture-sonnentau","status":"publish","type":"product","link":"https:\/\/shop.larus.ch\/fr\/product\/cloture-sonnentau\/","title":{"rendered":"Cl\u00f4ture Sonnentau"},"content":{"rendered":"<p>Cl\u00f4tures en lattes Sonnentau<br \/>impr\u00e9gn\u00e9 verd\u00e2tre<\/p>\n","protected":false},"excerpt":{"rendered":"<p>Cl\u00f4tures en lattes Sonnentau<br \/>impr\u00e9gn\u00e9 verd\u00e2tre<\/p>\n","protected":false},"featured_media":327542,"template":"","meta":[],"product_cat":[59049],"product_tag":[],"_links":{"self":[{"href":"https:\/\/shop.larus.ch\/fr\/wp-json\/wp\/v2\/product\/327380"}],"collection":[{"href":"https:\/\/shop.larus.ch\/fr\/wp-json\/wp\/v2\/product"}],"about":[{"href":"https:\/\/shop.larus.ch\/fr\/wp-json\/wp\/v2\/types\/product"}],"wp:featuredmedia":[{"embeddable":true,"href":"https:\/\/shop.larus.ch\/fr\/wp-json\/wp\/v2\/media\/327542"}],"wp:attachment":[{"href":"https:\/\/shop.larus.ch\/fr\/wp-json\/wp\/v2\/media?parent=327380"}],"wp:term":[{"taxonomy":"product_cat","embeddable":true,"href":"https:\/\/shop.larus.ch\/fr\/wp-json\/wp\/v2\/product_cat?post=327380"},{"taxonomy":"product_tag","embeddable":true,"href":"https:\/\/shop.larus.ch\/fr\/wp-json\/wp\/v2\/product_tag?post=327380"}],"curies":[{"name":"wp","href":"https:\/\/api.w.org\/{rel}","templated":true}]}}