{"id":327360,"date":"2025-05-28T03:00:23","date_gmt":"2025-05-28T01:00:23","guid":{"rendered":"https:\/\/shop.larus.ch\/product\/porte-sonnentau\/"},"modified":"2026-04-19T03:00:29","modified_gmt":"2026-04-19T01:00:29","slug":"porte-sonnentau","status":"publish","type":"product","link":"https:\/\/shop.larus.ch\/fr\/product\/porte-sonnentau\/","title":{"rendered":"Porte Sonnentau"},"content":{"rendered":"<p>Porte de cl\u00f4ture en lattes Sonnentau<br \/>impr\u00e9gn\u00e9 verd\u00e2tre<br \/>(sans ferrures)<\/p>\n","protected":false},"excerpt":{"rendered":"<p>Porte de cl\u00f4ture en lattes Sonnentau<br \/>impr\u00e9gn\u00e9 verd\u00e2tre<br \/>(sans ferrures)<\/p>\n","protected":false},"featured_media":327488,"template":"","meta":[],"product_cat":[59049],"product_tag":[],"_links":{"self":[{"href":"https:\/\/shop.larus.ch\/fr\/wp-json\/wp\/v2\/product\/327360"}],"collection":[{"href":"https:\/\/shop.larus.ch\/fr\/wp-json\/wp\/v2\/product"}],"about":[{"href":"https:\/\/shop.larus.ch\/fr\/wp-json\/wp\/v2\/types\/product"}],"wp:featuredmedia":[{"embeddable":true,"href":"https:\/\/shop.larus.ch\/fr\/wp-json\/wp\/v2\/media\/327488"}],"wp:attachment":[{"href":"https:\/\/shop.larus.ch\/fr\/wp-json\/wp\/v2\/media?parent=327360"}],"wp:term":[{"taxonomy":"product_cat","embeddable":true,"href":"https:\/\/shop.larus.ch\/fr\/wp-json\/wp\/v2\/product_cat?post=327360"},{"taxonomy":"product_tag","embeddable":true,"href":"https:\/\/shop.larus.ch\/fr\/wp-json\/wp\/v2\/product_tag?post=327360"}],"curies":[{"name":"wp","href":"https:\/\/api.w.org\/{rel}","templated":true}]}}