{"id":327358,"date":"2025-05-28T03:00:20","date_gmt":"2025-05-28T01:00:20","guid":{"rendered":"https:\/\/shop.larus.ch\/product\/327358\/"},"modified":"2026-04-19T03:00:24","modified_gmt":"2026-04-19T01:00:24","slug":"327358","status":"publish","type":"product","link":"https:\/\/shop.larus.ch\/fr\/product\/327358\/","title":{"rendered":""},"content":{"rendered":"<p>Cl\u00f4ture en lattes m\u00e9l\u00e8ze<br \/>&#8211; traverses 2.8 x 8.8 cm, rabot\u00e9es<br \/>&#8211; lattes 1.8 x 12 cm, rabot\u00e9es<br \/>&#8211; t\u00eates arrondies<br \/>&#8211; lattes viss\u00e9es alternativement d\u2018un c\u00f4t\u00e9 \u00e0 l\u2018autre<\/p>\n","protected":false},"excerpt":{"rendered":"<p>Cl\u00f4ture en lattes m\u00e9l\u00e8ze<br \/>&#8211; traverses 2.8 x 8.8 cm, rabot\u00e9es<br \/>&#8211; lattes 1.8 x 12 cm, rabot\u00e9es<br \/>&#8211; t\u00eates arrondies<br \/>&#8211; lattes viss\u00e9es alternativement d\u2018un c\u00f4t\u00e9 \u00e0 l\u2018autre<\/p>\n","protected":false},"featured_media":328769,"template":"","meta":[],"product_cat":[61019],"product_tag":[],"_links":{"self":[{"href":"https:\/\/shop.larus.ch\/fr\/wp-json\/wp\/v2\/product\/327358"}],"collection":[{"href":"https:\/\/shop.larus.ch\/fr\/wp-json\/wp\/v2\/product"}],"about":[{"href":"https:\/\/shop.larus.ch\/fr\/wp-json\/wp\/v2\/types\/product"}],"wp:featuredmedia":[{"embeddable":true,"href":"https:\/\/shop.larus.ch\/fr\/wp-json\/wp\/v2\/media\/328769"}],"wp:attachment":[{"href":"https:\/\/shop.larus.ch\/fr\/wp-json\/wp\/v2\/media?parent=327358"}],"wp:term":[{"taxonomy":"product_cat","embeddable":true,"href":"https:\/\/shop.larus.ch\/fr\/wp-json\/wp\/v2\/product_cat?post=327358"},{"taxonomy":"product_tag","embeddable":true,"href":"https:\/\/shop.larus.ch\/fr\/wp-json\/wp\/v2\/product_tag?post=327358"}],"curies":[{"name":"wp","href":"https:\/\/api.w.org\/{rel}","templated":true}]}}