{"id":323868,"date":"2025-04-09T10:58:22","date_gmt":"2025-04-09T08:58:22","guid":{"rendered":"https:\/\/shop.larus.ch\/product\/bac-a-sable-6-cotes\/"},"modified":"2026-04-19T03:16:45","modified_gmt":"2026-04-19T01:16:45","slug":"bac-a-sable-6-cotes","status":"publish","type":"product","link":"https:\/\/shop.larus.ch\/fr\/product\/bac-a-sable-6-cotes\/","title":{"rendered":"Bac \u00e0 sable 6 cot\u00e9s"},"content":{"rendered":"<p>Bac \u00e0 sable 6 cot\u00e9s<br \/>m\u00e9l\u00e8ze naturel<\/p>\n","protected":false},"excerpt":{"rendered":"<p>Bac \u00e0 sable 6 cot\u00e9s<br \/>m\u00e9l\u00e8ze naturel<\/p>\n","protected":false},"featured_media":323869,"template":"","meta":[],"product_cat":[59399],"product_tag":[],"_links":{"self":[{"href":"https:\/\/shop.larus.ch\/fr\/wp-json\/wp\/v2\/product\/323868"}],"collection":[{"href":"https:\/\/shop.larus.ch\/fr\/wp-json\/wp\/v2\/product"}],"about":[{"href":"https:\/\/shop.larus.ch\/fr\/wp-json\/wp\/v2\/types\/product"}],"wp:featuredmedia":[{"embeddable":true,"href":"https:\/\/shop.larus.ch\/fr\/wp-json\/wp\/v2\/media\/323869"}],"wp:attachment":[{"href":"https:\/\/shop.larus.ch\/fr\/wp-json\/wp\/v2\/media?parent=323868"}],"wp:term":[{"taxonomy":"product_cat","embeddable":true,"href":"https:\/\/shop.larus.ch\/fr\/wp-json\/wp\/v2\/product_cat?post=323868"},{"taxonomy":"product_tag","embeddable":true,"href":"https:\/\/shop.larus.ch\/fr\/wp-json\/wp\/v2\/product_tag?post=323868"}],"curies":[{"name":"wp","href":"https:\/\/api.w.org\/{rel}","templated":true}]}}