{"id":323814,"date":"2025-04-09T10:58:02","date_gmt":"2025-04-09T08:58:02","guid":{"rendered":"https:\/\/shop.larus.ch\/product\/panneau-terminaison-i\/"},"modified":"2026-04-19T03:16:25","modified_gmt":"2026-04-19T01:16:25","slug":"panneau-terminaison-i","status":"publish","type":"product","link":"https:\/\/shop.larus.ch\/fr\/product\/panneau-terminaison-i\/","title":{"rendered":"Panneau terminaison I"},"content":{"rendered":"<p>Panneaux pare-vue en forme d\u00b4 arc San Remo<br \/>\u00e9l\u00e9ment de terminaison I<br \/>impr\u00e9gn\u00e9 verd\u00e2tre<\/p>\n","protected":false},"excerpt":{"rendered":"<p>Panneaux pare-vue en forme d\u00b4 arc San Remo<br \/>\u00e9l\u00e9ment de terminaison I<br \/>impr\u00e9gn\u00e9 verd\u00e2tre<\/p>\n","protected":false},"featured_media":328654,"template":"","meta":[],"product_cat":[59039],"product_tag":[],"_links":{"self":[{"href":"https:\/\/shop.larus.ch\/fr\/wp-json\/wp\/v2\/product\/323814"}],"collection":[{"href":"https:\/\/shop.larus.ch\/fr\/wp-json\/wp\/v2\/product"}],"about":[{"href":"https:\/\/shop.larus.ch\/fr\/wp-json\/wp\/v2\/types\/product"}],"wp:featuredmedia":[{"embeddable":true,"href":"https:\/\/shop.larus.ch\/fr\/wp-json\/wp\/v2\/media\/328654"}],"wp:attachment":[{"href":"https:\/\/shop.larus.ch\/fr\/wp-json\/wp\/v2\/media?parent=323814"}],"wp:term":[{"taxonomy":"product_cat","embeddable":true,"href":"https:\/\/shop.larus.ch\/fr\/wp-json\/wp\/v2\/product_cat?post=323814"},{"taxonomy":"product_tag","embeddable":true,"href":"https:\/\/shop.larus.ch\/fr\/wp-json\/wp\/v2\/product_tag?post=323814"}],"curies":[{"name":"wp","href":"https:\/\/api.w.org\/{rel}","templated":true}]}}