{"id":323790,"date":"2025-04-09T10:57:52","date_gmt":"2025-04-09T08:57:52","guid":{"rendered":"https:\/\/shop.larus.ch\/product\/cloture-sonnentau\/"},"modified":"2026-04-19T03:16:16","modified_gmt":"2026-04-19T01:16:16","slug":"cloture-sonnentau-5","status":"publish","type":"product","link":"https:\/\/shop.larus.ch\/fr\/product\/cloture-sonnentau-5\/","title":{"rendered":"Cl\u00f4ture Sonnentau"},"content":{"rendered":"<p>Cl\u00f4ture en lattes Sonnentau<br \/>impr\u00e9gn\u00e9 verd\u00e2tre<br \/>\u00e9l\u00e9ment inclin\u00e9<\/p>\n","protected":false},"excerpt":{"rendered":"<p>Cl\u00f4ture en lattes Sonnentau<br \/>impr\u00e9gn\u00e9 verd\u00e2tre<br \/>\u00e9l\u00e9ment inclin\u00e9<\/p>\n","protected":false},"featured_media":323791,"template":"","meta":[],"product_cat":[59049],"product_tag":[],"_links":{"self":[{"href":"https:\/\/shop.larus.ch\/fr\/wp-json\/wp\/v2\/product\/323790"}],"collection":[{"href":"https:\/\/shop.larus.ch\/fr\/wp-json\/wp\/v2\/product"}],"about":[{"href":"https:\/\/shop.larus.ch\/fr\/wp-json\/wp\/v2\/types\/product"}],"wp:featuredmedia":[{"embeddable":true,"href":"https:\/\/shop.larus.ch\/fr\/wp-json\/wp\/v2\/media\/323791"}],"wp:attachment":[{"href":"https:\/\/shop.larus.ch\/fr\/wp-json\/wp\/v2\/media?parent=323790"}],"wp:term":[{"taxonomy":"product_cat","embeddable":true,"href":"https:\/\/shop.larus.ch\/fr\/wp-json\/wp\/v2\/product_cat?post=323790"},{"taxonomy":"product_tag","embeddable":true,"href":"https:\/\/shop.larus.ch\/fr\/wp-json\/wp\/v2\/product_tag?post=323790"}],"curies":[{"name":"wp","href":"https:\/\/api.w.org\/{rel}","templated":true}]}}