{"id":323778,"date":"2025-04-09T10:57:47","date_gmt":"2025-04-09T08:57:47","guid":{"rendered":"https:\/\/shop.larus.ch\/product\/table-pique-nique-massive\/"},"modified":"2026-04-19T03:16:11","modified_gmt":"2026-04-19T01:16:11","slug":"table-pique-nique-massive-2","status":"publish","type":"product","link":"https:\/\/shop.larus.ch\/fr\/product\/table-pique-nique-massive-2\/","title":{"rendered":"Table pique-nique massive"},"content":{"rendered":"<p>Table pique-nique massive<br \/>planches 35 mm<br \/>impr\u00e9gn\u00e9 verd\u00e2tre<\/p>\n","protected":false},"excerpt":{"rendered":"<p>Table pique-nique massive<br \/>planches 35 mm<br \/>impr\u00e9gn\u00e9 verd\u00e2tre<\/p>\n","protected":false},"featured_media":323779,"template":"","meta":[],"product_cat":[59463],"product_tag":[],"_links":{"self":[{"href":"https:\/\/shop.larus.ch\/fr\/wp-json\/wp\/v2\/product\/323778"}],"collection":[{"href":"https:\/\/shop.larus.ch\/fr\/wp-json\/wp\/v2\/product"}],"about":[{"href":"https:\/\/shop.larus.ch\/fr\/wp-json\/wp\/v2\/types\/product"}],"wp:featuredmedia":[{"embeddable":true,"href":"https:\/\/shop.larus.ch\/fr\/wp-json\/wp\/v2\/media\/323779"}],"wp:attachment":[{"href":"https:\/\/shop.larus.ch\/fr\/wp-json\/wp\/v2\/media?parent=323778"}],"wp:term":[{"taxonomy":"product_cat","embeddable":true,"href":"https:\/\/shop.larus.ch\/fr\/wp-json\/wp\/v2\/product_cat?post=323778"},{"taxonomy":"product_tag","embeddable":true,"href":"https:\/\/shop.larus.ch\/fr\/wp-json\/wp\/v2\/product_tag?post=323778"}],"curies":[{"name":"wp","href":"https:\/\/api.w.org\/{rel}","templated":true}]}}