{"id":323638,"date":"2025-04-09T10:51:39","date_gmt":"2025-04-09T08:51:39","guid":{"rendered":"https:\/\/shop.larus.ch\/product\/bac-a-sable-felix\/"},"modified":"2026-04-16T03:20:30","modified_gmt":"2026-04-16T01:20:30","slug":"bac-a-sable-felix","status":"publish","type":"product","link":"https:\/\/shop.larus.ch\/fr\/product\/bac-a-sable-felix\/","title":{"rendered":"Bac \u00e0 sable Felix"},"content":{"rendered":"<p>Bac \u00e0 sable Felix sans couvercle<br \/>livr\u00e9 dans un rouleau pour le montage automatique, sans planches de fond<br \/>impr\u00e9gn\u00e9 verd\u00e2tre<\/p>\n","protected":false},"excerpt":{"rendered":"<p>Bac \u00e0 sable Felix sans couvercle<br \/>livr\u00e9 dans un rouleau pour le montage automatique, sans planches de fond<br \/>impr\u00e9gn\u00e9 verd\u00e2tre<\/p>\n","protected":false},"featured_media":323639,"template":"","meta":[],"product_cat":[59399],"product_tag":[],"_links":{"self":[{"href":"https:\/\/shop.larus.ch\/fr\/wp-json\/wp\/v2\/product\/323638"}],"collection":[{"href":"https:\/\/shop.larus.ch\/fr\/wp-json\/wp\/v2\/product"}],"about":[{"href":"https:\/\/shop.larus.ch\/fr\/wp-json\/wp\/v2\/types\/product"}],"wp:featuredmedia":[{"embeddable":true,"href":"https:\/\/shop.larus.ch\/fr\/wp-json\/wp\/v2\/media\/323639"}],"wp:attachment":[{"href":"https:\/\/shop.larus.ch\/fr\/wp-json\/wp\/v2\/media?parent=323638"}],"wp:term":[{"taxonomy":"product_cat","embeddable":true,"href":"https:\/\/shop.larus.ch\/fr\/wp-json\/wp\/v2\/product_cat?post=323638"},{"taxonomy":"product_tag","embeddable":true,"href":"https:\/\/shop.larus.ch\/fr\/wp-json\/wp\/v2\/product_tag?post=323638"}],"curies":[{"name":"wp","href":"https:\/\/api.w.org\/{rel}","templated":true}]}}