{"id":323634,"date":"2025-04-09T10:51:37","date_gmt":"2025-04-09T08:51:37","guid":{"rendered":"https:\/\/shop.larus.ch\/product\/lattes\/"},"modified":"2026-04-16T03:20:27","modified_gmt":"2026-04-16T01:20:27","slug":"lattes","status":"publish","type":"product","link":"https:\/\/shop.larus.ch\/fr\/product\/lattes\/","title":{"rendered":"Lattes"},"content":{"rendered":"<p>Lattes<br \/>impr\u00e9gn\u00e9 brun, t\u00eate no. 3<br \/>(arrondi)<\/p>\n","protected":false},"excerpt":{"rendered":"<p>Lattes<br \/>impr\u00e9gn\u00e9 brun, t\u00eate no. 3<br \/>(arrondi)<\/p>\n","protected":false},"featured_media":325642,"template":"","meta":[],"product_cat":[59185],"product_tag":[],"_links":{"self":[{"href":"https:\/\/shop.larus.ch\/fr\/wp-json\/wp\/v2\/product\/323634"}],"collection":[{"href":"https:\/\/shop.larus.ch\/fr\/wp-json\/wp\/v2\/product"}],"about":[{"href":"https:\/\/shop.larus.ch\/fr\/wp-json\/wp\/v2\/types\/product"}],"wp:featuredmedia":[{"embeddable":true,"href":"https:\/\/shop.larus.ch\/fr\/wp-json\/wp\/v2\/media\/325642"}],"wp:attachment":[{"href":"https:\/\/shop.larus.ch\/fr\/wp-json\/wp\/v2\/media?parent=323634"}],"wp:term":[{"taxonomy":"product_cat","embeddable":true,"href":"https:\/\/shop.larus.ch\/fr\/wp-json\/wp\/v2\/product_cat?post=323634"},{"taxonomy":"product_tag","embeddable":true,"href":"https:\/\/shop.larus.ch\/fr\/wp-json\/wp\/v2\/product_tag?post=323634"}],"curies":[{"name":"wp","href":"https:\/\/api.w.org\/{rel}","templated":true}]}}