{"id":323556,"date":"2025-04-09T10:51:02","date_gmt":"2025-04-09T08:51:02","guid":{"rendered":"https:\/\/shop.larus.ch\/product\/poteau-carre\/"},"modified":"2026-04-19T03:11:44","modified_gmt":"2026-04-19T01:11:44","slug":"poteau-carre-3","status":"publish","type":"product","link":"https:\/\/shop.larus.ch\/fr\/product\/poteau-carre-3\/","title":{"rendered":"Poteau carr\u00e9"},"content":{"rendered":"<p>Poteaux carr\u00e9s<br \/>impr\u00e9gn\u00e9 brun, <br \/>rabot\u00e9s structur\u00e9s, chanfrein\u00e9s, appoint\u00e9s <\/p>\n","protected":false},"excerpt":{"rendered":"<p>Poteaux carr\u00e9s<br \/>impr\u00e9gn\u00e9 brun, <br \/>rabot\u00e9s structur\u00e9s, chanfrein\u00e9s, appoint\u00e9s <\/p>\n","protected":false},"featured_media":325520,"template":"","meta":[],"product_cat":[59287],"product_tag":[],"_links":{"self":[{"href":"https:\/\/shop.larus.ch\/fr\/wp-json\/wp\/v2\/product\/323556"}],"collection":[{"href":"https:\/\/shop.larus.ch\/fr\/wp-json\/wp\/v2\/product"}],"about":[{"href":"https:\/\/shop.larus.ch\/fr\/wp-json\/wp\/v2\/types\/product"}],"wp:featuredmedia":[{"embeddable":true,"href":"https:\/\/shop.larus.ch\/fr\/wp-json\/wp\/v2\/media\/325520"}],"wp:attachment":[{"href":"https:\/\/shop.larus.ch\/fr\/wp-json\/wp\/v2\/media?parent=323556"}],"wp:term":[{"taxonomy":"product_cat","embeddable":true,"href":"https:\/\/shop.larus.ch\/fr\/wp-json\/wp\/v2\/product_cat?post=323556"},{"taxonomy":"product_tag","embeddable":true,"href":"https:\/\/shop.larus.ch\/fr\/wp-json\/wp\/v2\/product_tag?post=323556"}],"curies":[{"name":"wp","href":"https:\/\/api.w.org\/{rel}","templated":true}]}}