{"id":323448,"date":"2025-04-09T10:50:22","date_gmt":"2025-04-09T08:50:22","guid":{"rendered":"https:\/\/shop.larus.ch\/product\/mini-palissades\/"},"modified":"2026-04-19T03:11:11","modified_gmt":"2026-04-19T01:11:11","slug":"mini-palissades-4","status":"publish","type":"product","link":"https:\/\/shop.larus.ch\/fr\/product\/mini-palissades-4\/","title":{"rendered":"Mini palissades"},"content":{"rendered":"<p>Mini palissades<br \/>impr\u00e9gn\u00e9 verd\u00e2tre, appoint\u00e9es<\/p>\n","protected":false},"excerpt":{"rendered":"<p>Mini palissades<br \/>impr\u00e9gn\u00e9 verd\u00e2tre, appoint\u00e9es<\/p>\n","protected":false},"featured_media":323449,"template":"","meta":[],"product_cat":[59363],"product_tag":[],"_links":{"self":[{"href":"https:\/\/shop.larus.ch\/fr\/wp-json\/wp\/v2\/product\/323448"}],"collection":[{"href":"https:\/\/shop.larus.ch\/fr\/wp-json\/wp\/v2\/product"}],"about":[{"href":"https:\/\/shop.larus.ch\/fr\/wp-json\/wp\/v2\/types\/product"}],"wp:featuredmedia":[{"embeddable":true,"href":"https:\/\/shop.larus.ch\/fr\/wp-json\/wp\/v2\/media\/323449"}],"wp:attachment":[{"href":"https:\/\/shop.larus.ch\/fr\/wp-json\/wp\/v2\/media?parent=323448"}],"wp:term":[{"taxonomy":"product_cat","embeddable":true,"href":"https:\/\/shop.larus.ch\/fr\/wp-json\/wp\/v2\/product_cat?post=323448"},{"taxonomy":"product_tag","embeddable":true,"href":"https:\/\/shop.larus.ch\/fr\/wp-json\/wp\/v2\/product_tag?post=323448"}],"curies":[{"name":"wp","href":"https:\/\/api.w.org\/{rel}","templated":true}]}}