{"id":323288,"date":"2025-04-09T10:46:37","date_gmt":"2025-04-09T08:46:37","guid":{"rendered":"https:\/\/shop.larus.ch\/product\/treillis-en-point\/"},"modified":"2026-04-19T03:10:27","modified_gmt":"2026-04-19T01:10:27","slug":"treillis-en-point","status":"publish","type":"product","link":"https:\/\/shop.larus.ch\/fr\/product\/treillis-en-point\/","title":{"rendered":"Treillis en point"},"content":{"rendered":"<p>Treillis en point,<br \/>impr\u00e9gn\u00e9 verd\u00e2tre<\/p>\n","protected":false},"excerpt":{"rendered":"<p>Treillis en point,<br \/>impr\u00e9gn\u00e9 verd\u00e2tre<\/p>\n","protected":false},"featured_media":325236,"template":"","meta":[],"product_cat":[58963],"product_tag":[],"_links":{"self":[{"href":"https:\/\/shop.larus.ch\/fr\/wp-json\/wp\/v2\/product\/323288"}],"collection":[{"href":"https:\/\/shop.larus.ch\/fr\/wp-json\/wp\/v2\/product"}],"about":[{"href":"https:\/\/shop.larus.ch\/fr\/wp-json\/wp\/v2\/types\/product"}],"wp:featuredmedia":[{"embeddable":true,"href":"https:\/\/shop.larus.ch\/fr\/wp-json\/wp\/v2\/media\/325236"}],"wp:attachment":[{"href":"https:\/\/shop.larus.ch\/fr\/wp-json\/wp\/v2\/media?parent=323288"}],"wp:term":[{"taxonomy":"product_cat","embeddable":true,"href":"https:\/\/shop.larus.ch\/fr\/wp-json\/wp\/v2\/product_cat?post=323288"},{"taxonomy":"product_tag","embeddable":true,"href":"https:\/\/shop.larus.ch\/fr\/wp-json\/wp\/v2\/product_tag?post=323288"}],"curies":[{"name":"wp","href":"https:\/\/api.w.org\/{rel}","templated":true}]}}