{"id":323220,"date":"2025-04-09T10:46:10","date_gmt":"2025-04-09T08:46:10","guid":{"rendered":"https:\/\/shop.larus.ch\/product\/panneau-a-lamelles-mallorca\/"},"modified":"2026-04-16T03:15:14","modified_gmt":"2026-04-16T01:15:14","slug":"panneau-a-lamelles-mallorca-5","status":"publish","type":"product","link":"https:\/\/shop.larus.ch\/fr\/product\/panneau-a-lamelles-mallorca-5\/","title":{"rendered":"Panneau \u00e0 lamelles Mallorca"},"content":{"rendered":"<p>Panneaux \u00e0 lamelles Mallorca<br \/>impr\u00e9gn\u00e9 verd\u00e2tre, <br \/>cadre environ 34 x 54 mm,<\/p>\n","protected":false},"excerpt":{"rendered":"<p>Panneaux \u00e0 lamelles Mallorca<br \/>impr\u00e9gn\u00e9 verd\u00e2tre, <br \/>cadre environ 34 x 54 mm,<\/p>\n","protected":false},"featured_media":323221,"template":"","meta":[],"product_cat":[59051],"product_tag":[],"_links":{"self":[{"href":"https:\/\/shop.larus.ch\/fr\/wp-json\/wp\/v2\/product\/323220"}],"collection":[{"href":"https:\/\/shop.larus.ch\/fr\/wp-json\/wp\/v2\/product"}],"about":[{"href":"https:\/\/shop.larus.ch\/fr\/wp-json\/wp\/v2\/types\/product"}],"wp:featuredmedia":[{"embeddable":true,"href":"https:\/\/shop.larus.ch\/fr\/wp-json\/wp\/v2\/media\/323221"}],"wp:attachment":[{"href":"https:\/\/shop.larus.ch\/fr\/wp-json\/wp\/v2\/media?parent=323220"}],"wp:term":[{"taxonomy":"product_cat","embeddable":true,"href":"https:\/\/shop.larus.ch\/fr\/wp-json\/wp\/v2\/product_cat?post=323220"},{"taxonomy":"product_tag","embeddable":true,"href":"https:\/\/shop.larus.ch\/fr\/wp-json\/wp\/v2\/product_tag?post=323220"}],"curies":[{"name":"wp","href":"https:\/\/api.w.org\/{rel}","templated":true}]}}