{"id":323150,"date":"2025-04-09T10:45:38","date_gmt":"2025-04-09T08:45:38","guid":{"rendered":"https:\/\/shop.larus.ch\/product\/bordure-demi-ronde\/"},"modified":"2026-04-19T03:06:37","modified_gmt":"2026-04-19T01:06:37","slug":"bordure-demi-ronde-2","status":"publish","type":"product","link":"https:\/\/shop.larus.ch\/fr\/product\/bordure-demi-ronde-2\/","title":{"rendered":"Bordure demi-ronde"},"content":{"rendered":"<p>Bordure demi-ronde<br \/>impr\u00e9gn\u00e9 brun, biseaut\u00e9e,<br \/>reli\u00e9s par deux fils et des agrafes<\/p>\n","protected":false},"excerpt":{"rendered":"<p>Bordure demi-ronde<br \/>impr\u00e9gn\u00e9 brun, biseaut\u00e9e,<br \/>reli\u00e9s par deux fils et des agrafes<\/p>\n","protected":false},"featured_media":326668,"template":"","meta":[],"product_cat":[59361],"product_tag":[],"_links":{"self":[{"href":"https:\/\/shop.larus.ch\/fr\/wp-json\/wp\/v2\/product\/323150"}],"collection":[{"href":"https:\/\/shop.larus.ch\/fr\/wp-json\/wp\/v2\/product"}],"about":[{"href":"https:\/\/shop.larus.ch\/fr\/wp-json\/wp\/v2\/types\/product"}],"wp:featuredmedia":[{"embeddable":true,"href":"https:\/\/shop.larus.ch\/fr\/wp-json\/wp\/v2\/media\/326668"}],"wp:attachment":[{"href":"https:\/\/shop.larus.ch\/fr\/wp-json\/wp\/v2\/media?parent=323150"}],"wp:term":[{"taxonomy":"product_cat","embeddable":true,"href":"https:\/\/shop.larus.ch\/fr\/wp-json\/wp\/v2\/product_cat?post=323150"},{"taxonomy":"product_tag","embeddable":true,"href":"https:\/\/shop.larus.ch\/fr\/wp-json\/wp\/v2\/product_tag?post=323150"}],"curies":[{"name":"wp","href":"https:\/\/api.w.org\/{rel}","templated":true}]}}