{"id":322936,"date":"2025-04-09T10:31:06","date_gmt":"2025-04-09T08:31:06","guid":{"rendered":"https:\/\/shop.larus.ch\/product\/poteaux\/"},"modified":"2026-04-16T03:10:30","modified_gmt":"2026-04-16T01:10:30","slug":"poteaux-4","status":"publish","type":"product","link":"https:\/\/shop.larus.ch\/fr\/product\/poteaux-4\/","title":{"rendered":"Poteaux"},"content":{"rendered":"<p>Poteaux en m\u00e9l\u00e8ze naturel, rabot\u00e9 lisse, biseaut\u00e9s<\/p>\n","protected":false},"excerpt":{"rendered":"<p>Poteaux en m\u00e9l\u00e8ze naturel, rabot\u00e9 lisse, biseaut\u00e9s<\/p>\n","protected":false},"featured_media":322937,"template":"","meta":[],"product_cat":[],"product_tag":[],"_links":{"self":[{"href":"https:\/\/shop.larus.ch\/fr\/wp-json\/wp\/v2\/product\/322936"}],"collection":[{"href":"https:\/\/shop.larus.ch\/fr\/wp-json\/wp\/v2\/product"}],"about":[{"href":"https:\/\/shop.larus.ch\/fr\/wp-json\/wp\/v2\/types\/product"}],"wp:featuredmedia":[{"embeddable":true,"href":"https:\/\/shop.larus.ch\/fr\/wp-json\/wp\/v2\/media\/322937"}],"wp:attachment":[{"href":"https:\/\/shop.larus.ch\/fr\/wp-json\/wp\/v2\/media?parent=322936"}],"wp:term":[{"taxonomy":"product_cat","embeddable":true,"href":"https:\/\/shop.larus.ch\/fr\/wp-json\/wp\/v2\/product_cat?post=322936"},{"taxonomy":"product_tag","embeddable":true,"href":"https:\/\/shop.larus.ch\/fr\/wp-json\/wp\/v2\/product_tag?post=322936"}],"curies":[{"name":"wp","href":"https:\/\/api.w.org\/{rel}","templated":true}]}}