{"id":322870,"date":"2025-04-09T10:30:32","date_gmt":"2025-04-09T08:30:32","guid":{"rendered":"https:\/\/shop.larus.ch\/product\/panneau-terminaison-ii\/"},"modified":"2026-04-19T03:01:56","modified_gmt":"2026-04-19T01:01:56","slug":"panneau-terminaison-ii","status":"publish","type":"product","link":"https:\/\/shop.larus.ch\/fr\/product\/panneau-terminaison-ii\/","title":{"rendered":"Panneau terminaison II"},"content":{"rendered":"<p>Panneaux pare-vue en forme d\u00b4 arc San Remo<br \/>\u00e9l\u00e9ment de terminaison II<br \/>impr\u00e9gn\u00e9 verd\u00e2tre<\/p>\n","protected":false},"excerpt":{"rendered":"<p>Panneaux pare-vue en forme d\u00b4 arc San Remo<br \/>\u00e9l\u00e9ment de terminaison II<br \/>impr\u00e9gn\u00e9 verd\u00e2tre<\/p>\n","protected":false},"featured_media":322871,"template":"","meta":[],"product_cat":[59039],"product_tag":[],"_links":{"self":[{"href":"https:\/\/shop.larus.ch\/fr\/wp-json\/wp\/v2\/product\/322870"}],"collection":[{"href":"https:\/\/shop.larus.ch\/fr\/wp-json\/wp\/v2\/product"}],"about":[{"href":"https:\/\/shop.larus.ch\/fr\/wp-json\/wp\/v2\/types\/product"}],"wp:featuredmedia":[{"embeddable":true,"href":"https:\/\/shop.larus.ch\/fr\/wp-json\/wp\/v2\/media\/322871"}],"wp:attachment":[{"href":"https:\/\/shop.larus.ch\/fr\/wp-json\/wp\/v2\/media?parent=322870"}],"wp:term":[{"taxonomy":"product_cat","embeddable":true,"href":"https:\/\/shop.larus.ch\/fr\/wp-json\/wp\/v2\/product_cat?post=322870"},{"taxonomy":"product_tag","embeddable":true,"href":"https:\/\/shop.larus.ch\/fr\/wp-json\/wp\/v2\/product_tag?post=322870"}],"curies":[{"name":"wp","href":"https:\/\/api.w.org\/{rel}","templated":true}]}}