{"id":322789,"date":"2025-04-09T10:16:54","date_gmt":"2025-04-09T08:16:54","guid":{"rendered":"https:\/\/shop.larus.ch\/product\/bac-a-fleurs-calla\/"},"modified":"2026-04-19T03:01:28","modified_gmt":"2026-04-19T01:01:28","slug":"bac-a-fleurs-calla-2","status":"publish","type":"product","link":"https:\/\/shop.larus.ch\/fr\/product\/bac-a-fleurs-calla-2\/","title":{"rendered":"Bac \u00e0 fleurs Calla"},"content":{"rendered":"<p>Bac \u00e0 fleurs Calla<br \/>planches 20 mm, bois carr\u00e9s 45\/45 mm, rabot\u00e9, ar\u00eates chanfrein\u00e9es<br \/>pr\u00eate \u00e0 monter<br \/>incl. insert en tissu<\/p>\n","protected":false},"excerpt":{"rendered":"<p>Bac \u00e0 fleurs Calla<br \/>planches 20 mm, bois carr\u00e9s 45\/45 mm, rabot\u00e9, ar\u00eates chanfrein\u00e9es<br \/>pr\u00eate \u00e0 monter<br \/>incl. insert en tissu<\/p>\n","protected":false},"featured_media":324117,"template":"","meta":[],"product_cat":[59417],"product_tag":[],"_links":{"self":[{"href":"https:\/\/shop.larus.ch\/fr\/wp-json\/wp\/v2\/product\/322789"}],"collection":[{"href":"https:\/\/shop.larus.ch\/fr\/wp-json\/wp\/v2\/product"}],"about":[{"href":"https:\/\/shop.larus.ch\/fr\/wp-json\/wp\/v2\/types\/product"}],"wp:featuredmedia":[{"embeddable":true,"href":"https:\/\/shop.larus.ch\/fr\/wp-json\/wp\/v2\/media\/324117"}],"wp:attachment":[{"href":"https:\/\/shop.larus.ch\/fr\/wp-json\/wp\/v2\/media?parent=322789"}],"wp:term":[{"taxonomy":"product_cat","embeddable":true,"href":"https:\/\/shop.larus.ch\/fr\/wp-json\/wp\/v2\/product_cat?post=322789"},{"taxonomy":"product_tag","embeddable":true,"href":"https:\/\/shop.larus.ch\/fr\/wp-json\/wp\/v2\/product_tag?post=322789"}],"curies":[{"name":"wp","href":"https:\/\/api.w.org\/{rel}","templated":true}]}}