{"id":322741,"date":"2025-04-09T10:16:30","date_gmt":"2025-04-09T08:16:30","guid":{"rendered":"https:\/\/shop.larus.ch\/product\/montant-avec-tete-ronde\/"},"modified":"2026-04-21T03:01:10","modified_gmt":"2026-04-21T01:01:10","slug":"montant-avec-tete-ronde-2","status":"publish","type":"product","link":"https:\/\/shop.larus.ch\/fr\/product\/montant-avec-tete-ronde-2\/","title":{"rendered":"Montant avec t\u00eate ronde"},"content":{"rendered":"<p>Montant avec t\u00eate ronde<br \/>impr\u00e9gn\u00e9 verd\u00e2tre,<br \/>rabot\u00e9 lisse<\/p>\n","protected":false},"excerpt":{"rendered":"<p>Montant avec t\u00eate ronde<br \/>impr\u00e9gn\u00e9 verd\u00e2tre,<br \/>rabot\u00e9 lisse<\/p>\n","protected":false},"featured_media":324077,"template":"","meta":[],"product_cat":[59277],"product_tag":[],"_links":{"self":[{"href":"https:\/\/shop.larus.ch\/fr\/wp-json\/wp\/v2\/product\/322741"}],"collection":[{"href":"https:\/\/shop.larus.ch\/fr\/wp-json\/wp\/v2\/product"}],"about":[{"href":"https:\/\/shop.larus.ch\/fr\/wp-json\/wp\/v2\/types\/product"}],"wp:featuredmedia":[{"embeddable":true,"href":"https:\/\/shop.larus.ch\/fr\/wp-json\/wp\/v2\/media\/324077"}],"wp:attachment":[{"href":"https:\/\/shop.larus.ch\/fr\/wp-json\/wp\/v2\/media?parent=322741"}],"wp:term":[{"taxonomy":"product_cat","embeddable":true,"href":"https:\/\/shop.larus.ch\/fr\/wp-json\/wp\/v2\/product_cat?post=322741"},{"taxonomy":"product_tag","embeddable":true,"href":"https:\/\/shop.larus.ch\/fr\/wp-json\/wp\/v2\/product_tag?post=322741"}],"curies":[{"name":"wp","href":"https:\/\/api.w.org\/{rel}","templated":true}]}}