{"id":322655,"date":"2025-04-09T10:15:53","date_gmt":"2025-04-09T08:15:53","guid":{"rendered":"https:\/\/shop.larus.ch\/product\/cloture-sonnentau\/"},"modified":"2026-04-19T03:00:44","modified_gmt":"2026-04-19T01:00:44","slug":"cloture-sonnentau-2","status":"publish","type":"product","link":"https:\/\/shop.larus.ch\/fr\/product\/cloture-sonnentau-2\/","title":{"rendered":"Cl\u00f4ture Sonnentau"},"content":{"rendered":"<p>Cl\u00f4ture en lattes Sonnentau<br \/>impr\u00e9gn\u00e9 verd\u00e2tre<\/p>\n","protected":false},"excerpt":{"rendered":"<p>Cl\u00f4ture en lattes Sonnentau<br \/>impr\u00e9gn\u00e9 verd\u00e2tre<\/p>\n","protected":false},"featured_media":324013,"template":"","meta":[],"product_cat":[59049],"product_tag":[],"_links":{"self":[{"href":"https:\/\/shop.larus.ch\/fr\/wp-json\/wp\/v2\/product\/322655"}],"collection":[{"href":"https:\/\/shop.larus.ch\/fr\/wp-json\/wp\/v2\/product"}],"about":[{"href":"https:\/\/shop.larus.ch\/fr\/wp-json\/wp\/v2\/types\/product"}],"wp:featuredmedia":[{"embeddable":true,"href":"https:\/\/shop.larus.ch\/fr\/wp-json\/wp\/v2\/media\/324013"}],"wp:attachment":[{"href":"https:\/\/shop.larus.ch\/fr\/wp-json\/wp\/v2\/media?parent=322655"}],"wp:term":[{"taxonomy":"product_cat","embeddable":true,"href":"https:\/\/shop.larus.ch\/fr\/wp-json\/wp\/v2\/product_cat?post=322655"},{"taxonomy":"product_tag","embeddable":true,"href":"https:\/\/shop.larus.ch\/fr\/wp-json\/wp\/v2\/product_tag?post=322655"}],"curies":[{"name":"wp","href":"https:\/\/api.w.org\/{rel}","templated":true}]}}