{"id":322645,"date":"2025-04-09T10:15:51","date_gmt":"2025-04-09T08:15:51","guid":{"rendered":"https:\/\/shop.larus.ch\/product\/poteau-tete-ronde\/"},"modified":"2026-04-19T03:00:43","modified_gmt":"2026-04-19T01:00:43","slug":"poteau-tete-ronde-2","status":"publish","type":"product","link":"https:\/\/shop.larus.ch\/fr\/product\/poteau-tete-ronde-2\/","title":{"rendered":"Poteau t\u00eate ronde"},"content":{"rendered":"<p>Poteaux en m\u00e9l\u00e8ze naturel<br \/>avec t\u00eate ronde<br \/>rabot\u00e9 lisse<\/p>\n","protected":false},"excerpt":{"rendered":"<p>Poteaux en m\u00e9l\u00e8ze naturel<br \/>avec t\u00eate ronde<br \/>rabot\u00e9 lisse<\/p>\n","protected":false},"featured_media":324007,"template":"","meta":[],"product_cat":[],"product_tag":[],"_links":{"self":[{"href":"https:\/\/shop.larus.ch\/fr\/wp-json\/wp\/v2\/product\/322645"}],"collection":[{"href":"https:\/\/shop.larus.ch\/fr\/wp-json\/wp\/v2\/product"}],"about":[{"href":"https:\/\/shop.larus.ch\/fr\/wp-json\/wp\/v2\/types\/product"}],"wp:featuredmedia":[{"embeddable":true,"href":"https:\/\/shop.larus.ch\/fr\/wp-json\/wp\/v2\/media\/324007"}],"wp:attachment":[{"href":"https:\/\/shop.larus.ch\/fr\/wp-json\/wp\/v2\/media?parent=322645"}],"wp:term":[{"taxonomy":"product_cat","embeddable":true,"href":"https:\/\/shop.larus.ch\/fr\/wp-json\/wp\/v2\/product_cat?post=322645"},{"taxonomy":"product_tag","embeddable":true,"href":"https:\/\/shop.larus.ch\/fr\/wp-json\/wp\/v2\/product_tag?post=322645"}],"curies":[{"name":"wp","href":"https:\/\/api.w.org\/{rel}","templated":true}]}}