{"id":322621,"date":"2025-04-09T10:15:37","date_gmt":"2025-04-09T08:15:37","guid":{"rendered":"https:\/\/shop.larus.ch\/product\/bac-a-fleurs-dahlia\/"},"modified":"2026-04-19T03:00:33","modified_gmt":"2026-04-19T01:00:33","slug":"bac-a-fleurs-dahlia-2","status":"publish","type":"product","link":"https:\/\/shop.larus.ch\/fr\/product\/bac-a-fleurs-dahlia-2\/","title":{"rendered":"Bac \u00e0 fleurs Dahlia"},"content":{"rendered":"<p>Bac \u00e0 fleurs Dahlia<br \/>bois \u00e9quarris 35\/55 mm, rabot\u00e9, ar\u00eates chanfrein\u00e9es<br \/>pr\u00eate \u00e0 monter avec le fond<br \/>incl. insert en tissu<\/p>\n","protected":false},"excerpt":{"rendered":"<p>Bac \u00e0 fleurs Dahlia<br \/>bois \u00e9quarris 35\/55 mm, rabot\u00e9, ar\u00eates chanfrein\u00e9es<br \/>pr\u00eate \u00e0 monter avec le fond<br \/>incl. insert en tissu<\/p>\n","protected":false},"featured_media":323987,"template":"","meta":[],"product_cat":[59419],"product_tag":[],"_links":{"self":[{"href":"https:\/\/shop.larus.ch\/fr\/wp-json\/wp\/v2\/product\/322621"}],"collection":[{"href":"https:\/\/shop.larus.ch\/fr\/wp-json\/wp\/v2\/product"}],"about":[{"href":"https:\/\/shop.larus.ch\/fr\/wp-json\/wp\/v2\/types\/product"}],"wp:featuredmedia":[{"embeddable":true,"href":"https:\/\/shop.larus.ch\/fr\/wp-json\/wp\/v2\/media\/323987"}],"wp:attachment":[{"href":"https:\/\/shop.larus.ch\/fr\/wp-json\/wp\/v2\/media?parent=322621"}],"wp:term":[{"taxonomy":"product_cat","embeddable":true,"href":"https:\/\/shop.larus.ch\/fr\/wp-json\/wp\/v2\/product_cat?post=322621"},{"taxonomy":"product_tag","embeddable":true,"href":"https:\/\/shop.larus.ch\/fr\/wp-json\/wp\/v2\/product_tag?post=322621"}],"curies":[{"name":"wp","href":"https:\/\/api.w.org\/{rel}","templated":true}]}}