{"id":322569,"date":"2025-04-09T10:15:12","date_gmt":"2025-04-09T08:15:12","guid":{"rendered":"https:\/\/shop.larus.ch\/product\/salon-de-jardin-table\/"},"modified":"2026-04-19T03:00:14","modified_gmt":"2026-04-19T01:00:14","slug":"salon-de-jardin-table","status":"publish","type":"product","link":"https:\/\/shop.larus.ch\/fr\/product\/salon-de-jardin-table\/","title":{"rendered":"Salon de jardin table"},"content":{"rendered":"<p>Salon de jardin table<br \/>impr\u00e9gn\u00e9 verd\u00e2tre<\/p>\n","protected":false},"excerpt":{"rendered":"<p>Salon de jardin table<br \/>impr\u00e9gn\u00e9 verd\u00e2tre<\/p>\n","protected":false},"featured_media":323945,"template":"","meta":[],"product_cat":[59457],"product_tag":[],"_links":{"self":[{"href":"https:\/\/shop.larus.ch\/fr\/wp-json\/wp\/v2\/product\/322569"}],"collection":[{"href":"https:\/\/shop.larus.ch\/fr\/wp-json\/wp\/v2\/product"}],"about":[{"href":"https:\/\/shop.larus.ch\/fr\/wp-json\/wp\/v2\/types\/product"}],"wp:featuredmedia":[{"embeddable":true,"href":"https:\/\/shop.larus.ch\/fr\/wp-json\/wp\/v2\/media\/323945"}],"wp:attachment":[{"href":"https:\/\/shop.larus.ch\/fr\/wp-json\/wp\/v2\/media?parent=322569"}],"wp:term":[{"taxonomy":"product_cat","embeddable":true,"href":"https:\/\/shop.larus.ch\/fr\/wp-json\/wp\/v2\/product_cat?post=322569"},{"taxonomy":"product_tag","embeddable":true,"href":"https:\/\/shop.larus.ch\/fr\/wp-json\/wp\/v2\/product_tag?post=322569"}],"curies":[{"name":"wp","href":"https:\/\/api.w.org\/{rel}","templated":true}]}}